{"id":9828,"date":"2019-08-02T16:16:00","date_gmt":"2019-08-02T14:16:00","guid":{"rendered":"https:\/\/monti.la-compagnie.digital\/markets\/"},"modified":"2021-11-16T16:48:33","modified_gmt":"2021-11-16T15:48:33","slug":"maerkte","status":"publish","type":"page","link":"https:\/\/montipower-ontwikkel.com\/de\/maerkte\/","title":{"rendered":"M\u00e4rkte"},"content":{"rendered":"<div class=\"wpb-content-wrapper\"><p>[vc_section full_width=&#8221;stretch_row&#8221; content_placement=&#8221;bottom&#8221; css=&#8221;.vc_custom_1569320141112{padding-top: 30px !important;padding-bottom: 0px !important;background-color: #ff1212 !important;background-position: center !important;background-repeat: no-repeat !important;background-size: cover !important;}&#8221; el_class=&#8221;topbig&#8221;][vc_row css=&#8221;.vc_custom_1569318223776{padding-right: 100px !important;padding-left: 100px !important;}&#8221;][vc_column width=&#8221;1\/2&#8243;][vc_column_text]<\/p>\n<h1>M\u00e4rkte<\/h1>\n<p>[\/vc_column_text][\/vc_column][vc_column width=&#8221;1\/2&#8243;][\/vc_column][\/vc_row][vc_row full_width=&#8221;stretch_row_content_no_spaces&#8221; content_placement=&#8221;bottom&#8221; css=&#8221;.vc_custom_1572526136907{padding-top: 0px !important;padding-bottom: 100px !important;background-position: 0 0 !important;background-repeat: no-repeat !important;}&#8221; el_class=&#8221;hometopfotorij&#8221;][vc_column][\/vc_column][\/vc_row][vc_row full_width=&#8221;stretch_row&#8221; css=&#8221;.vc_custom_1572525974229{background-color: #f1f1f1 !important;}&#8221;][vc_column][vc_column_text el_class=&#8221;montbreadcrumbs&#8221; css=&#8221;.vc_custom_1569318576735{padding-right: 100px !important;padding-left: 100px !important;}&#8221;]<nav aria-label=\"breadcrumbs\" class=\"rank-math-breadcrumb\"><p><span class=\"last\">Home<\/span><\/p><\/nav>[\/vc_column_text][\/vc_column][\/vc_row][\/vc_section][vc_section full_width=&#8221;stretch_row&#8221; el_class=&#8221;textcomp&#8221;][vc_row][vc_column][vc_column_text]<\/p>\n<h2>M\u00c4RKTE, INDUSTRIEN UND BRANCHEN<\/h2>\n<p>Seit 1987 beweisen sich MontiPower<sup>\u00ae<\/sup> Technologien in unterschiedlichsten M\u00e4rkten. Unsere patentierte Oberfl\u00e4chenvorbereitung liefert einen klaren Mehrwert und tr\u00e4gt nachweislich zum dauerhaften und zuverl\u00e4ssigen Schutz Ihres Assets bei. Erfahren Sie mehr \u00fcber unsere M\u00e4rkte.<\/p>\n<p>Von der Industrie bis zur Marine, von Mobilit\u00e4t bis Infrastruktur \u2013 wir haben die perfekte L\u00f6sung f\u00fcr jede Branch. Jeden Tag meistern unsere Kunden komplexe Herausforderungen mit MontiPower<sup>\u00ae<\/sup>. Werden Sie ein Teil unserer Welt und erfahren Sie mehr.[\/vc_column_text][\/vc_column][\/vc_row][vc_row css=&#8221;.vc_custom_1572353854868{padding-right: 50px !important;padding-left: 50px !important;}&#8221;][vc_column][vc_row_inner][vc_column_inner width=&#8221;1\/3&#8243;][vc_btn title=&#8221;erneuerbare energien&#8221; style=&#8221;classic&#8221; shape=&#8221;square&#8221; size=&#8221;lg&#8221; align=&#8221;center&#8221; button_block=&#8221;true&#8221; link=&#8221;url:https%3A%2F%2Fmontipower.com%2Fde%2Fmaerkte%2Fwind-erneuerbare-energie%2F|title:erneuerbare%20energien&#8221; el_class=&#8221;solutions-button&#8221;][\/vc_column_inner][vc_column_inner width=&#8221;1\/3&#8243;][vc_btn title=&#8221;Offshore &amp; onshore&#8221; style=&#8221;classic&#8221; shape=&#8221;square&#8221; size=&#8221;lg&#8221; align=&#8221;center&#8221; button_block=&#8221;true&#8221; link=&#8221;url:https%3A%2F%2Fmontipower.com%2Fde%2Fmaerkte%2Foffshore-onshore-oel-gas%2F|title:offshore%20%26%20onshore&#8221; el_class=&#8221;solutions-button&#8221;][\/vc_column_inner][vc_column_inner width=&#8221;1\/3&#8243;][vc_btn title=&#8221;Automobil&#8221; style=&#8221;classic&#8221; shape=&#8221;square&#8221; size=&#8221;lg&#8221; align=&#8221;center&#8221; button_block=&#8221;true&#8221; link=&#8221;url:https%3A%2F%2Fmontipower.com%2Fde%2Fmaerkte%2Fautomobilloesungen%2F|title:Automobil|target:_blank&#8221; el_class=&#8221;solutions-button&#8221;][\/vc_column_inner][\/vc_row_inner][vc_row_inner][vc_column_inner width=&#8221;1\/3&#8243;][vc_btn title=&#8221;Marine&#8221; style=&#8221;classic&#8221; shape=&#8221;square&#8221; size=&#8221;lg&#8221; align=&#8221;center&#8221; button_block=&#8221;true&#8221; link=&#8221;url:https%3A%2F%2Fmontipower.com%2Fde%2Fmaerkte%2Fmarine-loesungen%2F|title:Marine&#8221; el_class=&#8221;solutions-button&#8221;][\/vc_column_inner][vc_column_inner width=&#8221;1\/3&#8243;][vc_btn title=&#8221;Br\u00fccken, schiene, hafen&#8221; style=&#8221;classic&#8221; shape=&#8221;square&#8221; size=&#8221;lg&#8221; align=&#8221;center&#8221; button_block=&#8221;true&#8221; link=&#8221;url:https%3A%2F%2Fmontipower.com%2Fde%2Fmaerkte%2Finfra-loesungen%2F|title:Infra&#8221; el_class=&#8221;solutions-button&#8221;][\/vc_column_inner][vc_column_inner width=&#8221;1\/3&#8243;][vc_btn title=&#8221;OEM&#8221; style=&#8221;classic&#8221; shape=&#8221;square&#8221; size=&#8221;lg&#8221; align=&#8221;center&#8221; button_block=&#8221;true&#8221; link=&#8221;url:https%3A%2F%2Fmontipower.com%2Fde%2Fmaerkte%2Foem%2F|title:OEM&#8221; el_class=&#8221;solutions-button&#8221;][\/vc_column_inner][\/vc_row_inner][vc_row_inner][vc_column_inner width=&#8221;1\/3&#8243;][vc_btn title=&#8221;Beschilderungen&#8221; style=&#8221;classic&#8221; shape=&#8221;square&#8221; size=&#8221;lg&#8221; align=&#8221;center&#8221; button_block=&#8221;true&#8221; link=&#8221;url:https%3A%2F%2Fmontipower.com%2Fde%2Fmaerkte%2Fbeschilderung%2F|title:Beschilderung&#8221; el_class=&#8221;solutions-button&#8221;][\/vc_column_inner][vc_column_inner width=&#8221;1\/3&#8243;][vc_btn title=&#8221;Edelstahl&#8221; style=&#8221;classic&#8221; shape=&#8221;square&#8221; size=&#8221;lg&#8221; align=&#8221;center&#8221; button_block=&#8221;true&#8221; link=&#8221;url:https%3A%2F%2Fmontipower.com%2Fde%2Fmaerkte%2Fedelstahl%2F|title:Edelstahl&#8221; el_class=&#8221;solutions-button&#8221;][\/vc_column_inner][vc_column_inner width=&#8221;1\/3&#8243;][vc_btn title=&#8221;Schweissen&#8221; style=&#8221;classic&#8221; shape=&#8221;square&#8221; size=&#8221;lg&#8221; align=&#8221;center&#8221; button_block=&#8221;true&#8221; link=&#8221;url:https%3A%2F%2Fmontipower.com%2Fde%2Fmaerkte%2Fschweissnahtreinigung%2F|title:Welding&#8221; el_class=&#8221;solutions-button&#8221;][\/vc_column_inner][\/vc_row_inner][vc_row_inner][vc_column_inner width=&#8221;1\/3&#8243;][\/vc_column_inner][vc_column_inner width=&#8221;1\/3&#8243;][\/vc_column_inner][vc_column_inner width=&#8221;1\/3&#8243;][\/vc_column_inner][\/vc_row_inner][\/vc_column][\/vc_row][\/vc_section][vc_section css=&#8221;.vc_custom_1569500364650{padding-top: 40px !important;}&#8221;][vc_row gap=&#8221;35&#8243; content_placement=&#8221;middle&#8221; css=&#8221;.vc_custom_1569500430462{margin-right: 100px !important;margin-left: 100px !important;padding-bottom: 80px !important;background-color: #ffffff !important;}&#8221;][vc_column width=&#8221;1\/2&#8243; css=&#8221;.vc_custom_1569498569540{padding-top: 0px !important;}&#8221;][vc_single_image image=&#8221;3478&#8243; img_size=&#8221;730&#215;596&#8243; el_class=&#8221;uitgelichtfoto&#8221;][\/vc_column][vc_column width=&#8221;1\/2&#8243;][vc_column_text]<\/p>\n<h3>Windkraft \/<br \/>\nerneuerbare energien<\/h3>\n<p>Wir liefern flexible und sichere Akku-Werkzeuge f\u00fcr H\u00f6henarbeiten, die auf Ihre Bed\u00fcrfnisse zugeschnitten sind.[\/vc_column_text][vc_btn title=&#8221;extra info&#8221; style=&#8221;classic&#8221; shape=&#8221;square&#8221; align=&#8221;left&#8221; link=&#8221;url:https%3A%2F%2Fmontipower.com%2Fde%2Fmaerkte%2Fwind-erneuerbare-energie%2F|title:erneuerbare%20energie&#8221; el_class=&#8221;uitgelichtebutton&#8221;][\/vc_column][\/vc_row][\/vc_section][vc_section el_class=&#8221;featurright&#8221;][vc_row gap=&#8221;35&#8243; content_placement=&#8221;middle&#8221; css=&#8221;.vc_custom_1572357743837{background-color: #ffffff !important;}&#8221;][vc_column width=&#8221;1\/2&#8243;][vc_column_text]<\/p>\n<h3>Offshore &amp; onshore,<br \/>\n\u00d6l &amp; gas<\/h3>\n<p>Die Oberfl\u00e4chenvorbereitung von Stahl zur Beschichtung von Anlageg\u00fctern in der Schwer\u00f6l- und Gasindustrie (Upstream, Midstream, Downstream), im Bergbau, in der Zellstoff- und Papierindustrie sowie in der chemischen und leichten gewerblichen Bauindustrie ist ein Teil unseres Kerngesch\u00e4fts.[\/vc_column_text][vc_btn title=&#8221;extra info&#8221; style=&#8221;classic&#8221; shape=&#8221;square&#8221; align=&#8221;left&#8221; link=&#8221;url:https%3A%2F%2Fmontipower.com%2Fde%2Fmaerkte%2Foffshore-onshore-oel-gas%2F|title:offshore%20%26%20onshore&#8221; el_class=&#8221;uitgelichtebutton&#8221;][\/vc_column][vc_column width=&#8221;1\/2&#8243; css=&#8221;.vc_custom_1569498569540{padding-top: 0px !important;}&#8221;][vc_single_image image=&#8221;4036&#8243; img_size=&#8221;730&#215;596&#8243; el_class=&#8221;uitgelichtfotoright&#8221;][\/vc_column][\/vc_row][\/vc_section][vc_section css=&#8221;.vc_custom_1569500364650{padding-top: 40px !important;}&#8221;][vc_row gap=&#8221;35&#8243; content_placement=&#8221;middle&#8221; css=&#8221;.vc_custom_1569500430462{margin-right: 100px !important;margin-left: 100px !important;padding-bottom: 80px !important;background-color: #ffffff !important;}&#8221;][vc_column width=&#8221;1\/2&#8243; css=&#8221;.vc_custom_1569498569540{padding-top: 0px !important;}&#8221;][vc_single_image image=&#8221;3911&#8243; img_size=&#8221;730&#215;596&#8243; el_class=&#8221;uitgelichtfoto&#8221;][\/vc_column][vc_column width=&#8221;1\/2&#8243;][vc_column_text]<\/p>\n<h3>Automobil<\/h3>\n<p>Ob Autos, Z\u00fcge, Flugzeuge, Stra\u00dfenbahnen, Traktoren oder Anh\u00e4nger. MontiPower<sup>\u00ae<\/sup> hat ein umfangreiches Sortiment von pneumatischen, elektrischen und akku-betriebenen Maschinen zur kosteneffektiven Oberfl\u00e4chenbearbeitung Ihrer Fahrzeuge. Entschichten, Reinigen und Profilieren, egal ob in der Werkstatt, beim Kunden oder im Feld.[\/vc_column_text][vc_btn title=&#8221;Extra info&#8221; style=&#8221;classic&#8221; shape=&#8221;square&#8221; align=&#8221;left&#8221; link=&#8221;url:https%3A%2F%2Fmontipower.com%2Fde%2Fmaerkte%2Fautomobilloesungen%2F|title:automobil|target:_blank&#8221; el_class=&#8221;uitgelichtebutton&#8221;][\/vc_column][\/vc_row][\/vc_section][vc_section el_class=&#8221;featurright&#8221;][vc_row gap=&#8221;35&#8243; content_placement=&#8221;middle&#8221; css=&#8221;.vc_custom_1572357743837{background-color: #ffffff !important;}&#8221;][vc_column width=&#8221;1\/2&#8243;][vc_column_text]<\/p>\n<h3>MARINE<\/h3>\n<p>Korrosion an Wasserfahrzeugen ist ein Problem im Multi-Milliarden-Dollar-Bereich. Eine gut vorbereitete Oberfl\u00e4che ist frei von l\u00f6slichen Stoffen, die ein vorzeitiges Versagen des Beschichtungssystems verursachen und die Lebensdauer eines Schiffes verringern k\u00f6nnen.[\/vc_column_text][vc_btn title=&#8221;extra info&#8221; style=&#8221;classic&#8221; shape=&#8221;square&#8221; align=&#8221;left&#8221; link=&#8221;url:https%3A%2F%2Fmontipower.com%2Fde%2Fmaerkte%2Fmarine-loesungen%2F|title:marine&#8221; el_class=&#8221;uitgelichtebutton&#8221;][\/vc_column][vc_column width=&#8221;1\/2&#8243; css=&#8221;.vc_custom_1569498569540{padding-top: 0px !important;}&#8221;][vc_single_image image=&#8221;3476&#8243; img_size=&#8221;730&#215;596&#8243; el_class=&#8221;uitgelichtfotoright&#8221;][\/vc_column][\/vc_row][\/vc_section][vc_section css=&#8221;.vc_custom_1569500364650{padding-top: 40px !important;}&#8221;][vc_row gap=&#8221;35&#8243; content_placement=&#8221;middle&#8221; css=&#8221;.vc_custom_1569500430462{margin-right: 100px !important;margin-left: 100px !important;padding-bottom: 80px !important;background-color: #ffffff !important;}&#8221;][vc_column width=&#8221;1\/2&#8243; css=&#8221;.vc_custom_1569498569540{padding-top: 0px !important;}&#8221;][vc_single_image image=&#8221;3365&#8243; img_size=&#8221;730&#215;596&#8243; el_class=&#8221;uitgelichtfoto&#8221;][\/vc_column][vc_column width=&#8221;1\/2&#8243;][vc_column_text]<\/p>\n<h3>Br\u00fccken, Schiene,<br \/>\nHafen &amp; Autobahn<\/h3>\n<p>Die Instandhaltung von Stahlkonstruktionen im Bereich der \u00f6ffentlichen Infrastruktur besteht aus dem Entfernen von Korrosion und Beschichtungen, sowie der anschlie\u00dfenden Neubeschichtung.[\/vc_column_text][vc_btn title=&#8221;Extra info&#8221; style=&#8221;classic&#8221; shape=&#8221;square&#8221; align=&#8221;left&#8221; link=&#8221;url:https%3A%2F%2Fmontipower.com%2Fde%2Fmaerkte%2Finfra-loesungen%2F|title:infra&#8221; el_class=&#8221;uitgelichtebutton&#8221;][\/vc_column][\/vc_row][\/vc_section][vc_section el_class=&#8221;featurright&#8221;][vc_row gap=&#8221;35&#8243; content_placement=&#8221;middle&#8221; css=&#8221;.vc_custom_1572357743837{background-color: #ffffff !important;}&#8221;][vc_column width=&#8221;1\/2&#8243;][vc_column_text]<\/p>\n<h3>OEM<\/h3>\n<p>MontiPower<sup>\u00ae<\/sup> hat ein umfangreiches Portfolio an Werkzeugen, B\u00e4ndern und Zubeh\u00f6r, welches die kosteneffektive Oberfl\u00e4chenvorbereitung f\u00fcr die Beschichtung von OEM Produkten, Tanks und sonstiger Ausr\u00fcstung ohne Strahlmittel erm\u00f6glicht.[\/vc_column_text][vc_btn title=&#8221;Extra info&#8221; style=&#8221;classic&#8221; shape=&#8221;square&#8221; align=&#8221;left&#8221; link=&#8221;url:https%3A%2F%2Fmontipower.com%2Fde%2Fmaerkte%2Foem%2F|title:OEM&#8221; el_class=&#8221;uitgelichtebutton&#8221;][\/vc_column][vc_column width=&#8221;1\/2&#8243; css=&#8221;.vc_custom_1569498569540{padding-top: 0px !important;}&#8221;][vc_single_image image=&#8221;4391&#8243; img_size=&#8221;730&#215;596&#8243; el_class=&#8221;uitgelichtfotoright&#8221;][\/vc_column][\/vc_row][\/vc_section][vc_section css=&#8221;.vc_custom_1569500364650{padding-top: 40px !important;}&#8221;][vc_row gap=&#8221;35&#8243; content_placement=&#8221;middle&#8221; css=&#8221;.vc_custom_1569500430462{margin-right: 100px !important;margin-left: 100px !important;padding-bottom: 80px !important;background-color: #ffffff !important;}&#8221;][vc_column width=&#8221;1\/2&#8243; css=&#8221;.vc_custom_1569498569540{padding-top: 0px !important;}&#8221;][vc_single_image image=&#8221;5469&#8243; img_size=&#8221;730&#215;596&#8243; el_class=&#8221;uitgelichtfoto&#8221;][\/vc_column][vc_column width=&#8221;1\/2&#8243;][vc_column_text]<\/p>\n<h3>Beschilderung<\/h3>\n<p>Beschriftungen m\u00fcssen in unserer schnelllebigen Zeit regelm\u00e4\u00dfig angepasst werden. Neue Logos, Schriftz\u00fcge und Designs ersetzen Vorangegangene. Einfaches,schnelles und sicheres Entfernen erm\u00f6glicht der MontiPower<sup>\u00ae<\/sup> Vinyl Zapper<sup>\u00ae<\/sup>[\/vc_column_text][vc_btn title=&#8221;Extra info&#8221; style=&#8221;classic&#8221; shape=&#8221;square&#8221; align=&#8221;left&#8221; link=&#8221;url:https%3A%2F%2Fmontipower.com%2Fde%2Fmaerkte%2Fbeschilderung%2F|title:Beschilderung&#8221; el_class=&#8221;uitgelichtebutton&#8221;][\/vc_column][\/vc_row][\/vc_section][vc_section el_class=&#8221;featurright&#8221;][vc_row gap=&#8221;35&#8243; content_placement=&#8221;middle&#8221; css=&#8221;.vc_custom_1572357743837{background-color: #ffffff !important;}&#8221;][vc_column width=&#8221;1\/2&#8243;][vc_column_text]<\/p>\n<h3>Edelstahl<\/h3>\n<p>Das Aufrauen von Edelstahloberfl\u00e4chen vor der Beschichtung ist essenziell.\u00a0 Setzten Sie statt Strahlen, Schleifen oder \u00c4tzen auf unsere fortschrittlichen L\u00f6sungen &#8211; f\u00fcr ein perfektes, gleichm\u00e4\u00dfiges Ergebnis.[\/vc_column_text][vc_btn title=&#8221;Extra info&#8221; style=&#8221;classic&#8221; shape=&#8221;square&#8221; align=&#8221;left&#8221; link=&#8221;url:https%3A%2F%2Fmontipower.com%2Fde%2Fmaerkte%2Fedelstahl%2F|title:Edelstahl&#8221; el_class=&#8221;uitgelichtebutton&#8221;][\/vc_column][vc_column width=&#8221;1\/2&#8243; css=&#8221;.vc_custom_1569498569540{padding-top: 0px !important;}&#8221;][vc_single_image image=&#8221;5799&#8243; img_size=&#8221;full&#8221; el_class=&#8221;uitgelichtfotoright&#8221;][\/vc_column][\/vc_row][\/vc_section][vc_section css=&#8221;.vc_custom_1569500364650{padding-top: 40px !important;}&#8221;][vc_row gap=&#8221;35&#8243; content_placement=&#8221;middle&#8221; css=&#8221;.vc_custom_1569500430462{margin-right: 100px !important;margin-left: 100px !important;padding-bottom: 80px !important;background-color: #ffffff !important;}&#8221;][vc_column width=&#8221;1\/2&#8243; css=&#8221;.vc_custom_1569498569540{padding-top: 0px !important;}&#8221;][vc_single_image image=&#8221;5798&#8243; img_size=&#8221;730&#215;596&#8243; el_class=&#8221;uitgelichtfoto&#8221;][\/vc_column][vc_column width=&#8221;1\/2&#8243;][vc_column_text]<\/p>\n<h3>Schweissen<\/h3>\n<p>Schwei\u00dftechniker m\u00fcssen sich auf die Effektivit\u00e4t der gew\u00e4hlten Oberfl\u00e4chenvorbereitung verlassen k\u00f6nnen. MontiPower<sup>\u00ae<\/sup> Maschinen in Kombination mit unseren Stahl oder Edelstahl B\u00e4ndern belassen das geschwei\u00dfte Grundmaterial unver\u00e4ndert. Trotzdem werden Schwei\u00dfr\u00fcckst\u00e4nde auf jeder einzelnen Schicht vollst\u00e4ndig entfernt.[\/vc_column_text][vc_btn title=&#8221;Extra info&#8221; style=&#8221;classic&#8221; shape=&#8221;square&#8221; align=&#8221;left&#8221; link=&#8221;url:https%3A%2F%2Fmontipower.com%2Fde%2Fmaerkte%2Fschweissnahtreinigung%2F|title:Schweissen&#8221; el_class=&#8221;uitgelichtebutton&#8221;][\/vc_column][\/vc_row][\/vc_section][vc_section el_class=&#8221;featurright&#8221;][\/vc_section]<\/p>\n<\/div>","protected":false},"excerpt":{"rendered":"<p>[vc_section full_width=&#8221;stretch_row&#8221; content_placement=&#8221;bottom&#8221; css=&#8221;.vc_custom_1569320141112{padding-top: 30px !important;padding-bottom: 0px !important;background-color: #ff1212 !important;background-position: center &#8230; <\/p>\n","protected":false},"author":11,"featured_media":0,"parent":0,"menu_order":0,"comment_status":"closed","ping_status":"closed","template":"","meta":{"_acf_changed":false,"footnotes":""},"acf":[],"_links":{"self":[{"href":"https:\/\/montipower-ontwikkel.com\/de\/wp-json\/wp\/v2\/pages\/9828"}],"collection":[{"href":"https:\/\/montipower-ontwikkel.com\/de\/wp-json\/wp\/v2\/pages"}],"about":[{"href":"https:\/\/montipower-ontwikkel.com\/de\/wp-json\/wp\/v2\/types\/page"}],"author":[{"embeddable":true,"href":"https:\/\/montipower-ontwikkel.com\/de\/wp-json\/wp\/v2\/users\/11"}],"replies":[{"embeddable":true,"href":"https:\/\/montipower-ontwikkel.com\/de\/wp-json\/wp\/v2\/comments?post=9828"}],"version-history":[{"count":11,"href":"https:\/\/montipower-ontwikkel.com\/de\/wp-json\/wp\/v2\/pages\/9828\/revisions"}],"predecessor-version":[{"id":11702,"href":"https:\/\/montipower-ontwikkel.com\/de\/wp-json\/wp\/v2\/pages\/9828\/revisions\/11702"}],"wp:attachment":[{"href":"https:\/\/montipower-ontwikkel.com\/de\/wp-json\/wp\/v2\/media?parent=9828"}],"curies":[{"name":"wp","href":"https:\/\/api.w.org\/{rel}","templated":true}]}}