{"id":46960,"date":"2023-08-22T16:43:15","date_gmt":"2023-08-22T14:43:15","guid":{"rendered":"https:\/\/montipower.com\/service-support\/webshop\/"},"modified":"2023-08-23T13:40:49","modified_gmt":"2023-08-23T11:40:49","slug":"webshop","status":"publish","type":"page","link":"https:\/\/montipower-ontwikkel.com\/de\/service-support\/webshop\/","title":{"rendered":"Webshop"},"content":{"rendered":"<div class=\"wpb-content-wrapper\"><p>[vc_section full_width=&#8221;stretch_row&#8221; content_placement=&#8221;bottom&#8221; el_class=&#8221;topbig&#8221; css=&#8221;.vc_custom_1692629113204{padding-top: 30px !important;padding-bottom: 0px !important;background: #ff1212 url(https:\/\/montipower.com\/wp-content\/uploads\/2019\/12\/MONTI_Caddy_Zwart_1923x610px.jpg?id=4161) !important;background-position: center !important;background-repeat: no-repeat !important;background-size: cover !important;}&#8221;][vc_row css=&#8221;.vc_custom_1692629151493{padding-right: 100px !important;padding-left: 100px !important;}&#8221;][vc_column width=&#8221;1\/2&#8243;][vc_column_text]<\/p>\n<h1>Webshop<\/h1>\n<p>[\/vc_column_text][\/vc_column][vc_column width=&#8221;1\/2&#8243;][\/vc_column][\/vc_row][vc_row full_width=&#8221;stretch_row_content_no_spaces&#8221; content_placement=&#8221;bottom&#8221; el_class=&#8221;hometopfotorij&#8221; css=&#8221;.vc_custom_1692629210023{padding-top: 0px !important;padding-bottom: 100px !important;background-position: 0 0 !important;background-repeat: no-repeat !important;}&#8221;][vc_column][\/vc_column][\/vc_row][vc_row full_width=&#8221;stretch_row&#8221; css=&#8221;.vc_custom_1692629247345{background-color: #f1f1f1 !important;}&#8221;][vc_column][vc_column_text el_class=&#8221;montbreadcrumbs&#8221; css=&#8221;.vc_custom_1692629293542{padding-right: 100px !important;padding-left: 100px !important;}&#8221;]<nav aria-label=\"breadcrumbs\" class=\"rank-math-breadcrumb\"><p><span class=\"last\">Home<\/span><\/p><\/nav>[\/vc_column_text][\/vc_column][\/vc_row][\/vc_section][vc_section full_width=&#8221;stretch_row&#8221; el_class=&#8221;textcomp&#8221;][vc_row][vc_column][vc_column_text]<strong>Vielen Dank f\u00fcr Ihr Interesse an MontiPower<sup>\u00ae<\/sup> und unseren patentierten Technologien zur professionellen Oberfl\u00e4chenvorbereitung. Bitte besuchen Sie unsere Online-Shops oder kontaktieren Sie uns \u00fcber das untenstehende Kontaktformular und wir werden uns in K\u00fcrze mit Ihnen in Verbindung setzen.<br \/>\n<\/strong>[\/vc_column_text][\/vc_column][\/vc_row][vc_row][vc_column width=&#8221;1\/3&#8243;][vc_btn title=&#8221;Automobil-Webshop&#8221; style=&#8221;classic&#8221; shape=&#8221;square&#8221; size=&#8221;lg&#8221; align=&#8221;center&#8221; link=&#8221;url:https%3A%2F%2Fmonti-tools.com%2F|title:Automobil-Webshop|target:_blank&#8221; el_class=&#8221;solutions-button&#8221;][\/vc_column][vc_column width=&#8221;1\/3&#8243;][vc_btn title=&#8221;Industrie- Webshop&#8221; style=&#8221;classic&#8221; shape=&#8221;square&#8221; size=&#8221;sm&#8221; align=&#8221;left&#8221; link=&#8221;url:https%3A%2F%2Fshop.corronation.com%2F|title:Industrie-Webshop|target:_blank&#8221; el_class=&#8221;solutions-button&#8221;][\/vc_column][vc_column width=&#8221;1\/3&#8243;][vc_btn title=&#8221;Verbraucher-Webshop&#8221; style=&#8221;classic&#8221; shape=&#8221;square&#8221; size=&#8221;sm&#8221; align=&#8221;center&#8221; link=&#8221;url:https%3A%2F%2Fwww.corrpro.nl%2F|title:Verbraucher-Webshop|target:_blank&#8221; el_class=&#8221;solutions-button&#8221;][\/vc_column][\/vc_row][vc_row][vc_column][vc_column_text]<strong>Sie k\u00f6nnen auch unser Kontaktformular unten ausf\u00fcllen und wir werden uns in K\u00fcrze mit Ihnen in Verbindung setzen.<\/strong>[\/vc_column_text][vc_btn title=&#8221;Preisanfrage&#8221; style=&#8221;classic&#8221; shape=&#8221;square&#8221; size=&#8221;sm&#8221; align=&#8221;center&#8221; button_block=&#8221;true&#8221; link=&#8221;url:https%3A%2F%2Fmontipower.com%2Fservice-support%2Frequest-for-quotation%2F|title:Preisanfrage|target:_blank&#8221; el_class=&#8221;solutions-button&#8221;][\/vc_column][\/vc_row][\/vc_section][vc_section full_width=&#8221;stretch_row&#8221; el_class=&#8221;textcomp&#8221;][vc_row][vc_column][\/vc_column][\/vc_row][\/vc_section]<\/p>\n<\/div>","protected":false},"excerpt":{"rendered":"<p>[vc_section full_width=&#8221;stretch_row&#8221; content_placement=&#8221;bottom&#8221; el_class=&#8221;topbig&#8221; css=&#8221;.vc_custom_1692629113204{padding-top: 30px !important;padding-bottom: 0px !important;background: #ff1212 url(https:\/\/montipower.com\/wp-content\/uploads\/2019\/12\/MONTI_Caddy_Zwart_1923x610px.jpg?id=4161) &#8230; <\/p>\n","protected":false},"author":3,"featured_media":0,"parent":9905,"menu_order":0,"comment_status":"closed","ping_status":"closed","template":"","meta":{"_acf_changed":false,"footnotes":""},"acf":[],"_links":{"self":[{"href":"https:\/\/montipower-ontwikkel.com\/de\/wp-json\/wp\/v2\/pages\/46960"}],"collection":[{"href":"https:\/\/montipower-ontwikkel.com\/de\/wp-json\/wp\/v2\/pages"}],"about":[{"href":"https:\/\/montipower-ontwikkel.com\/de\/wp-json\/wp\/v2\/types\/page"}],"author":[{"embeddable":true,"href":"https:\/\/montipower-ontwikkel.com\/de\/wp-json\/wp\/v2\/users\/3"}],"replies":[{"embeddable":true,"href":"https:\/\/montipower-ontwikkel.com\/de\/wp-json\/wp\/v2\/comments?post=46960"}],"version-history":[{"count":3,"href":"https:\/\/montipower-ontwikkel.com\/de\/wp-json\/wp\/v2\/pages\/46960\/revisions"}],"predecessor-version":[{"id":46964,"href":"https:\/\/montipower-ontwikkel.com\/de\/wp-json\/wp\/v2\/pages\/46960\/revisions\/46964"}],"up":[{"embeddable":true,"href":"https:\/\/montipower-ontwikkel.com\/de\/wp-json\/wp\/v2\/pages\/9905"}],"wp:attachment":[{"href":"https:\/\/montipower-ontwikkel.com\/de\/wp-json\/wp\/v2\/media?parent=46960"}],"curies":[{"name":"wp","href":"https:\/\/api.w.org\/{rel}","templated":true}]}}