{"id":11302,"date":"2020-06-04T12:25:10","date_gmt":"2020-06-04T10:25:10","guid":{"rendered":"https:\/\/monti.la-compagnie.digital\/produkte\/powermachines\/"},"modified":"2024-02-13T19:14:12","modified_gmt":"2024-02-13T18:14:12","slug":"powermachines","status":"publish","type":"page","link":"https:\/\/montipower-ontwikkel.com\/de\/produkte\/powermachines\/","title":{"rendered":"MOTORISIERTE MASCHINEN"},"content":{"rendered":"<div class=\"wpb-content-wrapper\"><p>[vc_section full_width=&#8221;stretch_row&#8221; content_placement=&#8221;bottom&#8221; css=&#8221;.vc_custom_1569320141112{padding-top: 30px !important;padding-bottom: 0px !important;background-color: #ff1212 !important;background-position: center !important;background-repeat: no-repeat !important;background-size: cover !important;}&#8221; el_class=&#8221;topbig&#8221;][vc_row css=&#8221;.vc_custom_1569318223776{padding-right: 100px !important;padding-left: 100px !important;}&#8221;][vc_column width=&#8221;1\/2&#8243;][vc_column_text]<\/p>\n<h1>Powermachines<\/h1>\n<p>[\/vc_column_text][\/vc_column][vc_column width=&#8221;1\/2&#8243;][\/vc_column][\/vc_row][vc_row full_width=&#8221;stretch_row_content_no_spaces&#8221; content_placement=&#8221;bottom&#8221; css=&#8221;.vc_custom_1572526136907{padding-top: 0px !important;padding-bottom: 100px !important;background-position: 0 0 !important;background-repeat: no-repeat !important;}&#8221; el_class=&#8221;hometopfotorij&#8221;][vc_column][\/vc_column][\/vc_row][vc_row full_width=&#8221;stretch_row&#8221; css=&#8221;.vc_custom_1572525974229{background-color: #f1f1f1 !important;}&#8221;][vc_column][vc_column_text el_class=&#8221;montbreadcrumbs&#8221; css=&#8221;.vc_custom_1569318576735{padding-right: 100px !important;padding-left: 100px !important;}&#8221;]<nav aria-label=\"breadcrumbs\" class=\"rank-math-breadcrumb\"><p><span class=\"last\">Home<\/span><\/p><\/nav>[\/vc_column_text][\/vc_column][\/vc_row][\/vc_section][vc_section full_width=&#8221;stretch_row&#8221; el_class=&#8221;textcomp&#8221;][vc_row][vc_column][vc_column_text]<\/p>\n<h2><span style=\"font-weight: 400;\">NEUE TECHNOLOGIEN<\/span><\/h2>\n<p><span style=\"font-weight: 400;\">Der Bristle Blaster<sup>\u00ae<\/sup> war \u2013 und ist \u2013 ein sensationeller Durchbruch, wenn es um \u201eStrahlen ohne Sand\u201c geht. Die patentierten Eigenschaften des Bristle Blaster<sup>\u00ae<\/sup> bilden die Grundlage f\u00fcr neue motorisierte Maschinen und Innovationen, die nun Einzug in die M\u00e4rkte finden.<\/span><\/p>\n<h6>PREPPER<sup>\u00ae<\/sup>Q4<\/h6>\n<p><span style=\"font-weight: 400;\">Der Prepper<sup>\u00ae<\/sup>Q4 ist eine wassergetriebene, halbautomatische Produktionsmaschine. Geeignet f\u00fcr Decks, W\u00e4nde, Doppel-T-Tr\u00e4ger und Rundfl\u00e4chen.<\/span><\/p>\n<h6>PREPPER<sup>\u00ae<\/sup>Q10<\/h6>\n<p><span style=\"font-weight: 400;\">Der Cleantech Prepper<sup>\u00ae<\/sup> Q10 stellt einen echten Durchbruch dar, da er es erm\u00f6glicht, mit nur einem Ger\u00e4t wesentlich breitere Oberfl\u00e4chen zu behandeln. Der Q10 kann im Kriech- oder Aufspannbetrieb verwendet werden. Der Prepper<sup>\u00ae<\/sup> Q10 ist auf Anfrage und projektspezifisch erh\u00e4ltlich.<\/span><\/p>\n<h6><span style=\"font-weight: 400;\">UNTERWASSER-<\/span>BRISTLE BLASTER<sup>\u00ae<\/sup><\/h6>\n<p><span style=\"font-weight: 400;\">Eine weitere spektakul\u00e4re Neuentwicklung ist unsere Unterwasserausr\u00fcstung, mit der Unterwasservorbehandlungen durchgef\u00fchrt werden k\u00f6nnen, die dann das Aufbringen von Unterwasseranstrichen oder anderen Beschichtungen erm\u00f6glichen.<\/span>[\/vc_column_text][\/vc_column][\/vc_row][vc_row css=&#8221;.vc_custom_1572353854868{padding-right: 50px !important;padding-left: 50px !important;}&#8221;][vc_column][vc_row_inner][vc_column_inner width=&#8221;1\/3&#8243;][vc_btn title=&#8221;Prepper Q4\u00ae&#8221; style=&#8221;classic&#8221; shape=&#8221;square&#8221; size=&#8221;lg&#8221; align=&#8221;center&#8221; button_block=&#8221;true&#8221; link=&#8221;url:https%3A%2F%2Fmontipower.com%2Fde%2Fmp_product%2Fquattro-4%2F|title:Q4&#8243; el_class=&#8221;solutions-button&#8221;][\/vc_column_inner][vc_column_inner width=&#8221;1\/3&#8243;][vc_btn title=&#8221;Prepper Q10\u00ae KRIECHEND&#8221; style=&#8221;classic&#8221; shape=&#8221;square&#8221; size=&#8221;lg&#8221; align=&#8221;center&#8221; button_block=&#8221;true&#8221; link=&#8221;url:https%3A%2F%2Fmontipower.com%2Fde%2Fmp_product%2Fprepper-q10-kriechbetrieb%2F|title:Q10%20crawling&#8221; el_class=&#8221;solutions-button&#8221;][\/vc_column_inner][vc_column_inner width=&#8221;1\/3&#8243;][vc_btn title=&#8221;Prepper Q10\u00ae AUFGESPANNT&#8221; style=&#8221;classic&#8221; shape=&#8221;square&#8221; size=&#8221;lg&#8221; align=&#8221;center&#8221; button_block=&#8221;true&#8221; link=&#8221;url:https%3A%2F%2Fmontipower.com%2Fde%2Fmp_product%2Fprepper-q10-aufspannbetrieb%2F|title:Q10%20clamping&#8221; el_class=&#8221;solutions-button&#8221;][\/vc_column_inner][\/vc_row_inner][vc_row_inner][vc_column_inner width=&#8221;1\/3&#8243;][vc_btn title=&#8221;UNTERWASSER-Bristle Blaster\u00ae&#8221; style=&#8221;classic&#8221; shape=&#8221;square&#8221; size=&#8221;lg&#8221; align=&#8221;center&#8221; button_block=&#8221;true&#8221; link=&#8221;url:https%3A%2F%2Fmontipower.com%2Fde%2Fmp_product%2Fsubsea%2F|title:Subsea&#8221; el_class=&#8221;solutions-button&#8221;][\/vc_column_inner][vc_column_inner width=&#8221;1\/3&#8243;][\/vc_column_inner][vc_column_inner width=&#8221;1\/3&#8243;][\/vc_column_inner][\/vc_row_inner][\/vc_column][\/vc_row][\/vc_section][vc_section css=&#8221;.vc_custom_1569500364650{padding-top: 40px !important;}&#8221;][vc_row gap=&#8221;35&#8243; content_placement=&#8221;middle&#8221; css=&#8221;.vc_custom_1569500430462{margin-right: 100px !important;margin-left: 100px !important;padding-bottom: 80px !important;background-color: #ffffff !important;}&#8221;][vc_column width=&#8221;1\/2&#8243; css=&#8221;.vc_custom_1569498569540{padding-top: 0px !important;}&#8221;][vc_single_image image=&#8221;4652&#8243; img_size=&#8221;full&#8221; el_class=&#8221;uitgelichtfoto&#8221;][\/vc_column][vc_column width=&#8221;1\/2&#8243;][vc_column_text]<\/p>\n<h3>Prepper<sup>\u00ae<\/sup> Q4<\/h3>\n<p><span style=\"font-weight: 400;\">Halbautomatische Produktionsmaschine. Wassergetrieben. Geeignet f\u00fcr Decks, W\u00e4nde, Doppel-T-Tr\u00e4ger und Rundfl\u00e4chen.<\/span>[\/vc_column_text][vc_btn title=&#8221;Extra info&#8221; style=&#8221;classic&#8221; shape=&#8221;square&#8221; align=&#8221;left&#8221; link=&#8221;url:https%3A%2F%2Fmontipower.com%2Fde%2Fmp_product%2Fquattro-4%2F|title:Our%20PowerRead%20more&#8221; el_class=&#8221;uitgelichtebutton&#8221;][\/vc_column][\/vc_row][\/vc_section][vc_section el_class=&#8221;featurright&#8221;][vc_row gap=&#8221;35&#8243; content_placement=&#8221;middle&#8221; css=&#8221;.vc_custom_1572357743837{background-color: #ffffff !important;}&#8221;][vc_column width=&#8221;1\/2&#8243;][vc_column_text]<\/p>\n<h3>PREPPER Q10<br \/>\n<span style=\"font-weight: 400;\">KRIECHEND<\/span><\/h3>\n<p><span style=\"font-weight: 400;\">Der Cleantech Prepper<sup>\u00ae<\/sup> Q10 erm\u00f6glicht eine optimale Beschichtungsleistung, indem er dem Tr\u00e4germaterial ein konstantes und zuverl\u00e4ssiges Rauheitsprofil verleiht. Der Prepper<sup>\u00ae<\/sup> Q10 f\u00fcr den Kriechbetrieb ist auf Anfrage erh\u00e4ltlich.<\/span>[\/vc_column_text][vc_btn title=&#8221;Extra info&#8221; style=&#8221;classic&#8221; shape=&#8221;square&#8221; align=&#8221;left&#8221; link=&#8221;url:https%3A%2F%2Fmontipower.com%2Fde%2Fmp_product%2Fprepper-q10-kriechbetrieb%2F|title:Q10%20crawling&#8221; el_class=&#8221;uitgelichtebutton&#8221;][\/vc_column][vc_column width=&#8221;1\/2&#8243; css=&#8221;.vc_custom_1569498569540{padding-top: 0px !important;}&#8221;][vc_single_image image=&#8221;4641&#8243; img_size=&#8221;full&#8221; el_class=&#8221;uitgelichtfotoright&#8221;][\/vc_column][\/vc_row][\/vc_section][vc_section css=&#8221;.vc_custom_1569500364650{padding-top: 40px !important;}&#8221;][vc_row gap=&#8221;35&#8243; content_placement=&#8221;middle&#8221; css=&#8221;.vc_custom_1569500430462{margin-right: 100px !important;margin-left: 100px !important;padding-bottom: 80px !important;background-color: #ffffff !important;}&#8221;][vc_column width=&#8221;1\/2&#8243; css=&#8221;.vc_custom_1569498569540{padding-top: 0px !important;}&#8221;][vc_single_image image=&#8221;5732&#8243; img_size=&#8221;730&#215;596&#8243; el_class=&#8221;uitgelichtfoto&#8221;][\/vc_column][vc_column width=&#8221;1\/2&#8243;][vc_column_text]<\/p>\n<h3>PREPPER Q10<br \/>\n<span style=\"font-weight: 400;\">AUFGESPANNT<\/span><\/h3>\n<p><span style=\"font-weight: 400;\">Der Cleantech Prepper<sup>\u00ae<\/sup> Q10 erm\u00f6glicht eine optimale Beschichtungsleistung, indem er dem Tr\u00e4germaterial ein konstantes und zuverl\u00e4ssiges Rauheitsprofil verleiht. Der Prepper<sup>\u00ae<\/sup> Q10 f\u00fcr den Aufspannbetrieb ist auf Anfrage erh\u00e4ltlich.<\/span>[\/vc_column_text][vc_btn title=&#8221;Extra info&#8221; style=&#8221;classic&#8221; shape=&#8221;square&#8221; align=&#8221;left&#8221; link=&#8221;url:https%3A%2F%2Fmontipower.com%2Fde%2Fmp_product%2Fprepper-q10-aufspannbetrieb%2F|title:Q10&#8243; el_class=&#8221;uitgelichtebutton&#8221;][\/vc_column][\/vc_row][\/vc_section][vc_section el_class=&#8221;featurright&#8221;][vc_row gap=&#8221;35&#8243; content_placement=&#8221;middle&#8221; css=&#8221;.vc_custom_1572357743837{background-color: #ffffff !important;}&#8221;][vc_column width=&#8221;1\/2&#8243;][vc_column_text]<\/p>\n<h3><span style=\"font-weight: 400;\">UNTERWASSER-<\/span>BRISTLE BLASTER<sup>\u00ae<\/sup><\/h3>\n<p><span style=\"font-weight: 400;\">Der Unterwasser-Bristle Blaster<sup>\u00ae<\/sup> ist ein hydraulisch betriebenes Unterwasserger\u00e4t. Hervorragend geeignet f\u00fcr Pipeline-Verbundverst\u00e4rkungen und Unterwasserschwei\u00dfarbeiten an Schiffen, Hafeninfrastrukturen und Unterwasserpipelines.<\/span>[\/vc_column_text][vc_btn title=&#8221;Extra info&#8221; style=&#8221;classic&#8221; shape=&#8221;square&#8221; align=&#8221;left&#8221; link=&#8221;url:https%3A%2F%2Fmontipower.com%2Fde%2Fmp_product%2Fsubsea%2F|title:subsea&#8221; el_class=&#8221;uitgelichtebutton&#8221;][\/vc_column][vc_column width=&#8221;1\/2&#8243; css=&#8221;.vc_custom_1569498569540{padding-top: 0px !important;}&#8221;][vc_single_image image=&#8221;4655&#8243; img_size=&#8221;full&#8221; el_class=&#8221;uitgelichtfotoright&#8221;][\/vc_column][\/vc_row][\/vc_section]<\/p>\n<\/div>","protected":false},"excerpt":{"rendered":"<p>[vc_section full_width=&#8221;stretch_row&#8221; content_placement=&#8221;bottom&#8221; css=&#8221;.vc_custom_1569320141112{padding-top: 30px !important;padding-bottom: 0px !important;background-color: #ff1212 !important;background-position: center &#8230; <\/p>\n","protected":false},"author":3,"featured_media":0,"parent":11138,"menu_order":0,"comment_status":"closed","ping_status":"closed","template":"","meta":{"_acf_changed":false,"footnotes":""},"acf":[],"_links":{"self":[{"href":"https:\/\/montipower-ontwikkel.com\/de\/wp-json\/wp\/v2\/pages\/11302"}],"collection":[{"href":"https:\/\/montipower-ontwikkel.com\/de\/wp-json\/wp\/v2\/pages"}],"about":[{"href":"https:\/\/montipower-ontwikkel.com\/de\/wp-json\/wp\/v2\/types\/page"}],"author":[{"embeddable":true,"href":"https:\/\/montipower-ontwikkel.com\/de\/wp-json\/wp\/v2\/users\/3"}],"replies":[{"embeddable":true,"href":"https:\/\/montipower-ontwikkel.com\/de\/wp-json\/wp\/v2\/comments?post=11302"}],"version-history":[{"count":6,"href":"https:\/\/montipower-ontwikkel.com\/de\/wp-json\/wp\/v2\/pages\/11302\/revisions"}],"predecessor-version":[{"id":49650,"href":"https:\/\/montipower-ontwikkel.com\/de\/wp-json\/wp\/v2\/pages\/11302\/revisions\/49650"}],"up":[{"embeddable":true,"href":"https:\/\/montipower-ontwikkel.com\/de\/wp-json\/wp\/v2\/pages\/11138"}],"wp:attachment":[{"href":"https:\/\/montipower-ontwikkel.com\/de\/wp-json\/wp\/v2\/media?parent=11302"}],"curies":[{"name":"wp","href":"https:\/\/api.w.org\/{rel}","templated":true}]}}