{"id":11299,"date":"2020-06-02T11:03:06","date_gmt":"2020-06-02T09:03:06","guid":{"rendered":"https:\/\/monti.la-compagnie.digital\/produkte\/abrasive-belts\/"},"modified":"2023-01-30T16:23:12","modified_gmt":"2023-01-30T15:23:12","slug":"abtragende-gurte","status":"publish","type":"page","link":"https:\/\/montipower-ontwikkel.com\/de\/produkte\/abtragende-gurte\/","title":{"rendered":"B\u00e4nder"},"content":{"rendered":"<div class=\"wpb-content-wrapper\"><p>[vc_section full_width=&#8221;stretch_row&#8221; content_placement=&#8221;bottom&#8221; css=&#8221;.vc_custom_1569320141112{padding-top: 30px !important;padding-bottom: 0px !important;background-color: #ff1212 !important;background-position: center !important;background-repeat: no-repeat !important;background-size: cover !important;}&#8221; el_class=&#8221;topbig&#8221;][vc_row css=&#8221;.vc_custom_1569318223776{padding-right: 100px !important;padding-left: 100px !important;}&#8221;][vc_column width=&#8221;1\/2&#8243;][vc_column_text]<\/p>\n<h1><span style=\"font-weight: 400;\">B\u00c4NDER<\/span><\/h1>\n<p>[\/vc_column_text][\/vc_column][vc_column width=&#8221;1\/2&#8243;][\/vc_column][\/vc_row][vc_row full_width=&#8221;stretch_row_content_no_spaces&#8221; content_placement=&#8221;bottom&#8221; css=&#8221;.vc_custom_1572526136907{padding-top: 0px !important;padding-bottom: 100px !important;background-position: 0 0 !important;background-repeat: no-repeat !important;}&#8221; el_class=&#8221;hometopfotorij&#8221;][vc_column][\/vc_column][\/vc_row][vc_row full_width=&#8221;stretch_row&#8221; css=&#8221;.vc_custom_1572525974229{background-color: #f1f1f1 !important;}&#8221;][vc_column][vc_column_text el_class=&#8221;montbreadcrumbs&#8221; css=&#8221;.vc_custom_1569318576735{padding-right: 100px !important;padding-left: 100px !important;}&#8221;]<nav aria-label=\"breadcrumbs\" class=\"rank-math-breadcrumb\"><p><span class=\"last\">Home<\/span><\/p><\/nav>[\/vc_column_text][\/vc_column][\/vc_row][\/vc_section][vc_section full_width=&#8221;stretch_row&#8221; el_class=&#8221;textcomp&#8221;][vc_row][vc_column][vc_column_text]<span style=\"font-weight: 400;\">Das Oberfl\u00e4chenvorbereitungssystem integriert spezifische Motorwerkzeuge, innovative Drahtb\u00fcrstengurte und Radierr\u00e4der, um eine Vielzahl von Oberfl\u00e4chenvorbereitungsaufgaben durchzuf\u00fchren \u2013 schnell, sicher und wirtschaftlich.<\/span>[\/vc_column_text][vc_btn title=&#8221;Kontakt&#8221; style=&#8221;classic&#8221; shape=&#8221;square&#8221; align=&#8221;left&#8221; link=&#8221;url:https%3A%2F%2Fmontipower.com%2Fde%2Fservice-support%2Fkontakt%2F|title:contact&#8221; el_class=&#8221;hometopfotobutton&#8221;][vc_separator][vc_btn title=&#8221;Bandauswahl Anwendungsleitfaden&#8221; style=&#8221;classic&#8221; shape=&#8221;square&#8221; align=&#8221;left&#8221; link=&#8221;url:https%3A%2F%2Fheyzine.com%2Fflip-book%2F1f96af6dcb.html|title:contact&#8221; el_class=&#8221;hometopfotobutton&#8221;][\/vc_column][\/vc_row][\/vc_section][vc_section el_class=&#8221;productdetail&#8221;][vc_row][vc_column][vc_column_text]<\/p>\n<h3><span style=\"font-weight: 400;\">B\u00e4nder<\/span>\u00a0MBX<sup>\u00ae<\/sup><\/h3>\n<p>[\/vc_column_text][\/vc_column][\/vc_row][vc_row gap=&#8221;20&#8243;][vc_column width=&#8221;1\/4&#8243;][vc_single_image image=&#8221;2925&#8243; img_size=&#8221;250&#215;250&#8243; alignment=&#8221;center&#8221; style=&#8221;vc_box_shadow&#8221; onclick=&#8221;zoom&#8221;][vc_column_text]<\/p>\n<h6>MBX<sup>\u00ae <\/sup><span style=\"font-weight: 400;\">GROB, SCHWARZ<br \/>\n<\/span><span style=\"font-weight: 400;\">23 MM<\/span><\/h6>\n<p><span style=\"font-weight: 400;\">Beschichtungsentfernung<\/span><\/p>\n<p>MB-001-10<\/p>\n<p><a href=\"https:\/\/montipower.com\/wp-content\/uploads\/2021\/02\/Technical-Data-MBX-Belts-Steel-coarse.pdf\" target=\"_blank\" rel=\"noopener\">Spezifikationen<\/a>[\/vc_column_text][\/vc_column][vc_column width=&#8221;1\/4&#8243;][vc_single_image image=&#8221;3677&#8243; img_size=&#8221;250&#215;250&#8243; alignment=&#8221;center&#8221; style=&#8221;vc_box_shadow&#8221; onclick=&#8221;zoom&#8221;][vc_column_text]<\/p>\n<h6>MBX<sup>\u00ae<\/sup> <span style=\"font-weight: 400;\">GROB, SCHWARZ<\/span><br \/>\n11 mm<\/h6>\n<p><span style=\"font-weight: 400;\">Beschichtungsentfernung<\/span><\/p>\n<p>MB-020-10<\/p>\n<p><a href=\"https:\/\/montipower.com\/wp-content\/uploads\/2021\/02\/Technical-Data-MBX-Belts-Steel-coarse.pdf\" target=\"_blank\" rel=\"noopener\">Spezifikationen<\/a>[\/vc_column_text][\/vc_column][vc_column width=&#8221;1\/4&#8243;][vc_single_image image=&#8221;3675&#8243; img_size=&#8221;250&#215;250&#8243; alignment=&#8221;center&#8221; style=&#8221;vc_box_shadow&#8221; onclick=&#8221;zoom&#8221;][vc_column_text]<\/p>\n<h6>MBX<sup>\u00ae<\/sup> <span style=\"font-weight: 400;\">MITTEL, OCKER<\/span><br \/>\n23 mm<\/h6>\n<p><span style=\"font-weight: 400;\">Entrostung<\/span><\/p>\n<p>MB-009-10<\/p>\n<p><a href=\"https:\/\/montipower.com\/wp-content\/uploads\/2021\/02\/Technical-Data-MBX-Belts-Steel-medium.pdf\" target=\"_blank\" rel=\"noopener\">Spezifikationen<\/a>[\/vc_column_text][\/vc_column][vc_column width=&#8221;1\/4&#8243;][vc_single_image image=&#8221;3684&#8243; img_size=&#8221;250&#215;250&#8243; alignment=&#8221;center&#8221; style=&#8221;vc_box_shadow&#8221; onclick=&#8221;zoom&#8221;][vc_column_text]<\/p>\n<h6>MBX<sup>\u00ae<\/sup> <span style=\"font-weight: 400;\">MITTEL, OCKER<\/span><br \/>\n11 mm<\/h6>\n<p><span style=\"font-weight: 400;\">Entrostung<\/span><\/p>\n<p>MB-021-10<\/p>\n<p><a href=\"https:\/\/montipower.com\/wp-content\/uploads\/2021\/02\/Technical-Data-MBX-Belts-Steel-medium.pdf\" target=\"_blank\" rel=\"noopener\">Spezifikationen<\/a>[\/vc_column_text][\/vc_column][\/vc_row][vc_row gap=&#8221;20&#8243;][vc_column width=&#8221;1\/4&#8243;][vc_single_image image=&#8221;3673&#8243; img_size=&#8221;250&#215;250&#8243; alignment=&#8221;center&#8221; style=&#8221;vc_box_shadow&#8221; onclick=&#8221;zoom&#8221;][vc_column_text]<\/p>\n<h6>MBX<sup>\u00ae<\/sup> <span style=\"font-weight: 400;\">FEIN, GR\u00dcN<\/span><br \/>\n23mm<\/h6>\n<p><span style=\"font-weight: 400;\">Reinigung<\/span><\/p>\n<p>MB-005-10<\/p>\n<p><a href=\"https:\/\/montipower.com\/wp-content\/uploads\/2021\/02\/Technical-Data-MBX-Belts-Steel-fine.pdf\" target=\"_blank\" rel=\"noopener\">Spezifikationen<\/a>[\/vc_column_text][\/vc_column][vc_column width=&#8221;1\/4&#8243;][vc_single_image image=&#8221;3678&#8243; img_size=&#8221;250&#215;250&#8243; alignment=&#8221;center&#8221; style=&#8221;vc_box_shadow&#8221; onclick=&#8221;zoom&#8221;][vc_column_text]<\/p>\n<h6>MBX<sup>\u00ae<\/sup> <span style=\"font-weight: 400;\">FEIN, GR\u00dcN<\/span><br \/>\n11 mm<\/h6>\n<p><span style=\"font-weight: 400;\">Reinigung<\/span><\/p>\n<p>MB-028-10<\/p>\n<p><a href=\"https:\/\/montipower.com\/wp-content\/uploads\/2021\/02\/Technical-Data-MBX-Belts-Steel-fine.pdf\" target=\"_blank\" rel=\"noopener\">Spezifikationen<\/a>[\/vc_column_text][\/vc_column][vc_column width=&#8221;1\/4&#8243;][vc_single_image image=&#8221;3676&#8243; img_size=&#8221;250&#215;250&#8243; alignment=&#8221;center&#8221; style=&#8221;vc_box_shadow&#8221; onclick=&#8221;zoom&#8221;][vc_column_text]<\/p>\n<h6>MBX<sup>\u00ae<\/sup> <span style=\"font-weight: 400;\">EDELSTAHL, BLAU, GROB<\/span><br \/>\n23 mm<\/h6>\n<p>Aluminium<\/p>\n<p>MB-011-10<\/p>\n<p><a href=\"https:\/\/montipower.com\/wp-content\/uploads\/2021\/02\/Technical-Data-MBX-Belts-Stainless-coarse.pdf\" target=\"_blank\" rel=\"noopener\">Spezifikationen<\/a>[\/vc_column_text][\/vc_column][vc_column width=&#8221;1\/4&#8243;][vc_single_image image=&#8221;3679&#8243; img_size=&#8221;250&#215;250&#8243; alignment=&#8221;center&#8221; style=&#8221;vc_box_shadow&#8221; onclick=&#8221;zoom&#8221;][vc_column_text]<\/p>\n<h6>MBX<sup>\u00ae<\/sup> <span style=\"font-weight: 400;\">EDELSTAHL, BLAU, GROB<\/span><br \/>\n11 mm<\/h6>\n<p>Aluminium<\/p>\n<p>MB-030-10<\/p>\n<p><a href=\"https:\/\/montipower.com\/wp-content\/uploads\/2021\/02\/Technical-Data-MBX-Belts-Stainless-coarse.pdf\" target=\"_blank\" rel=\"noopener\">Spezifikationen<\/a>[\/vc_column_text][\/vc_column][\/vc_row][vc_row gap=&#8221;20&#8243;][vc_column width=&#8221;1\/4&#8243;][vc_single_image image=&#8221;3674&#8243; img_size=&#8221;250&#215;250&#8243; alignment=&#8221;center&#8221; style=&#8221;vc_box_shadow&#8221; onclick=&#8221;zoom&#8221;][vc_column_text]<\/p>\n<h6>MBX<sup>\u00ae<\/sup> <span style=\"font-weight: 400;\">EDELSTAHL, BLAU, FEIN<\/span><br \/>\n23 mm<\/h6>\n<p>Aluminium<\/p>\n<p>MB-007-10<\/p>\n<p><a href=\"https:\/\/montipower.com\/wp-content\/uploads\/2021\/02\/Technical-Data-MBX-Belts-Stainless-fine.pdf\" target=\"_blank\" rel=\"noopener\">Spezifikationen<\/a>[\/vc_column_text][\/vc_column][vc_column width=&#8221;1\/4&#8243;][vc_single_image image=&#8221;3680&#8243; img_size=&#8221;250&#215;250&#8243; alignment=&#8221;center&#8221; style=&#8221;vc_box_shadow&#8221; onclick=&#8221;zoom&#8221;][vc_column_text]<\/p>\n<h6>MBX<sup>\u00ae<\/sup> <span style=\"font-weight: 400;\">EDELSTAHL, BLAU, FEIN<\/span><br \/>\n11 mm<\/h6>\n<p>Aluminium<\/p>\n<p>MB-031-10<\/p>\n<p><a href=\"https:\/\/montipower.com\/wp-content\/uploads\/2021\/02\/Technical-Data-MBX-Belts-Stainless-fine.pdf\" target=\"_blank\" rel=\"noopener\">Spezifikationen<\/a>[\/vc_column_text][\/vc_column][vc_column width=&#8221;1\/4&#8243;][vc_single_image image=&#8221;3428&#8243; img_size=&#8221;250&#215;250&#8243; alignment=&#8221;center&#8221; style=&#8221;vc_box_shadow&#8221; onclick=&#8221;zoom&#8221;][vc_column_text]<\/p>\n<h6>MBX<sup>\u00ae<\/sup> Vinyl Zapper<\/h6>\n<p>ZU-010-01[\/vc_column_text][\/vc_column][vc_column width=&#8221;1\/4&#8243;][vc_single_image image=&#8221;5684&#8243; img_size=&#8221;250&#215;250&#8243; alignment=&#8221;center&#8221; style=&#8221;vc_box_shadow&#8221; onclick=&#8221;zoom&#8221;][vc_column_text]<\/p>\n<h6>MBX<sup>\u00ae <\/sup>Vinyl Zapper<sup>\u00ae<\/sup> Ultimate-15<\/h6>\n<p>ZU-018[\/vc_column_text][\/vc_column][\/vc_row][vc_row gap=&#8221;20&#8243;][vc_column width=&#8221;1\/4&#8243;][vc_single_image image=&#8221;5683&#8243; img_size=&#8221;250&#215;250&#8243; alignment=&#8221;center&#8221; style=&#8221;vc_box_shadow&#8221; onclick=&#8221;zoom&#8221;][vc_column_text]<\/p>\n<h6>MBX<sup>\u00ae <\/sup>Vinyl Zapper<sup>\u00ae<\/sup> Ultimate-30<\/h6>\n<p>ZU-017[\/vc_column_text][\/vc_column][vc_column width=&#8221;1\/4&#8243;][vc_single_image image=&#8221;5668&#8243; img_size=&#8221;250&#215;250&#8243; alignment=&#8221;center&#8221; style=&#8221;vc_box_shadow&#8221; onclick=&#8221;zoom&#8221;][vc_column_text]<\/p>\n<h6>MBX<sup>\u00ae<\/sup> St3 powertool<br \/>\n<span style=\"font-weight: 400;\">B\u00c4NDER-OPTIONEN<\/span><\/h6>\n<p><span style=\"font-weight: 400;\">auf Anfrage<\/span>[\/vc_column_text][\/vc_column][vc_column width=&#8221;1\/4&#8243;][\/vc_column][vc_column width=&#8221;1\/4&#8243;][\/vc_column][\/vc_row][vc_row][vc_column][vc_column_text]<\/p>\n<h3><span style=\"font-weight: 400;\">B\u00e4nder<\/span> BRISTLE BLASTER<sup>\u00ae<\/sup><\/h3>\n<p>[\/vc_column_text][\/vc_column][\/vc_row][vc_row gap=&#8221;20&#8243;][vc_column width=&#8221;1\/4&#8243;][vc_single_image image=&#8221;29928&#8243; img_size=&#8221;250&#215;250&#8243; alignment=&#8221;center&#8221; style=&#8221;vc_box_shadow&#8221; onclick=&#8221;zoom&#8221;][vc_column_text]<\/p>\n<h6>Bristle Blaster<sup>\u00ae<\/sup><span style=\"font-weight: 400;\"> STAHL, <\/span>23 mm<\/h6>\n<p>BB-033-10<\/p>\n<p><a href=\"https:\/\/montipower.com\/wp-content\/uploads\/2021\/02\/Technical-Data-Bristle-Blaster-Axial-Belts-Steel-red.pdf\" target=\"_blank\" rel=\"noopener\">Spezifikationen<\/a>[\/vc_column_text][\/vc_column][vc_column width=&#8221;1\/4&#8243;][vc_single_image image=&#8221;29934&#8243; img_size=&#8221;250&#215;250&#8243; alignment=&#8221;center&#8221; style=&#8221;vc_box_shadow&#8221; onclick=&#8221;zoom&#8221;][vc_column_text]<\/p>\n<h6>Bristle Blaster<sup>\u00ae<\/sup><span style=\"font-weight: 400;\"> STAHL,<\/span> 11 mm<\/h6>\n<p>BB-034-10<\/p>\n<p><a href=\"https:\/\/montipower.com\/wp-content\/uploads\/2021\/02\/Technical-Data-Bristle-Blaster-Axial-Belts-Steel-red.pdf\" target=\"_blank\" rel=\"noopener\">Spezifikationen<\/a>[\/vc_column_text][\/vc_column][vc_column width=&#8221;1\/4&#8243;][vc_single_image image=&#8221;29940&#8243; img_size=&#8221;250&#215;250&#8243; alignment=&#8221;center&#8221; style=&#8221;vc_box_shadow&#8221; onclick=&#8221;zoom&#8221;][vc_column_text]<\/p>\n<h6>Bristle Blaster<sup>\u00ae<\/sup><span style=\"font-weight: 400;\"> EDELSTAHL, <\/span>23 mm<\/h6>\n<p>BB-102-10<\/p>\n<p><a href=\"https:\/\/montipower.com\/wp-content\/uploads\/2021\/02\/Technical-Data-Bristle-Blaster-Axial-Belts-Stainless-red.pdf\" target=\"_blank\" rel=\"noopener\">Spezifikationen<\/a>[\/vc_column_text][\/vc_column][vc_column width=&#8221;1\/4&#8243;][vc_single_image image=&#8221;29921&#8243; img_size=&#8221;250&#215;250&#8243; alignment=&#8221;center&#8221; style=&#8221;vc_box_shadow&#8221; onclick=&#8221;zoom&#8221;][vc_column_text]<\/p>\n<h6>Bristle Blaster<sup>\u00ae<\/sup> <span style=\"font-weight: 400;\">EDELSTAHL, <\/span>11 mm<\/h6>\n<p>BB-103-10<\/p>\n<p><a href=\"https:\/\/montipower.com\/wp-content\/uploads\/2021\/02\/Technical-Data-Bristle-Blaster-Axial-Belts-Stainless-red.pdf\" target=\"_blank\" rel=\"noopener\">Spezifikationen<\/a>[\/vc_column_text][\/vc_column][\/vc_row][\/vc_section][vc_row][vc_column][\/vc_column][\/vc_row]<\/p>\n<\/div>","protected":false},"excerpt":{"rendered":"<p>[vc_section full_width=&#8221;stretch_row&#8221; content_placement=&#8221;bottom&#8221; css=&#8221;.vc_custom_1569320141112{padding-top: 30px !important;padding-bottom: 0px !important;background-color: #ff1212 !important;background-position: center &#8230; <\/p>\n","protected":false},"author":3,"featured_media":8394,"parent":11138,"menu_order":0,"comment_status":"closed","ping_status":"closed","template":"","meta":{"_acf_changed":false,"footnotes":""},"acf":[],"_links":{"self":[{"href":"https:\/\/montipower-ontwikkel.com\/de\/wp-json\/wp\/v2\/pages\/11299"}],"collection":[{"href":"https:\/\/montipower-ontwikkel.com\/de\/wp-json\/wp\/v2\/pages"}],"about":[{"href":"https:\/\/montipower-ontwikkel.com\/de\/wp-json\/wp\/v2\/types\/page"}],"author":[{"embeddable":true,"href":"https:\/\/montipower-ontwikkel.com\/de\/wp-json\/wp\/v2\/users\/3"}],"replies":[{"embeddable":true,"href":"https:\/\/montipower-ontwikkel.com\/de\/wp-json\/wp\/v2\/comments?post=11299"}],"version-history":[{"count":9,"href":"https:\/\/montipower-ontwikkel.com\/de\/wp-json\/wp\/v2\/pages\/11299\/revisions"}],"predecessor-version":[{"id":39269,"href":"https:\/\/montipower-ontwikkel.com\/de\/wp-json\/wp\/v2\/pages\/11299\/revisions\/39269"}],"up":[{"embeddable":true,"href":"https:\/\/montipower-ontwikkel.com\/de\/wp-json\/wp\/v2\/pages\/11138"}],"wp:featuredmedia":[{"embeddable":true,"href":"https:\/\/montipower-ontwikkel.com\/de\/wp-json\/wp\/v2\/media\/8394"}],"wp:attachment":[{"href":"https:\/\/montipower-ontwikkel.com\/de\/wp-json\/wp\/v2\/media?parent=11299"}],"curies":[{"name":"wp","href":"https:\/\/api.w.org\/{rel}","templated":true}]}}