{"id":11143,"date":"2020-06-02T10:57:47","date_gmt":"2020-06-02T08:57:47","guid":{"rendered":"https:\/\/monti.la-compagnie.digital\/produkte\/powertools\/"},"modified":"2024-02-12T20:27:55","modified_gmt":"2024-02-12T19:27:55","slug":"powertools","status":"publish","type":"page","link":"https:\/\/montipower-ontwikkel.com\/de\/produkte\/powertools\/","title":{"rendered":"Motorisierte Werkzeuge"},"content":{"rendered":"<div class=\"wpb-content-wrapper\"><p>[vc_section full_width=&#8221;stretch_row&#8221; content_placement=&#8221;bottom&#8221; css=&#8221;.vc_custom_1569320141112{padding-top: 30px !important;padding-bottom: 0px !important;background-color: #ff1212 !important;background-position: center !important;background-repeat: no-repeat !important;background-size: cover !important;}&#8221; el_class=&#8221;topbig&#8221;][vc_row css=&#8221;.vc_custom_1569318223776{padding-right: 100px !important;padding-left: 100px !important;}&#8221;][vc_column width=&#8221;1\/2&#8243;][vc_column_text]<\/p>\n<h1><span style=\"font-weight: 400;\">MOTORISIERTE WERKZEUGE<\/span><\/h1>\n<p>[\/vc_column_text][\/vc_column][vc_column width=&#8221;1\/2&#8243;][\/vc_column][\/vc_row][vc_row full_width=&#8221;stretch_row_content_no_spaces&#8221; content_placement=&#8221;bottom&#8221; css=&#8221;.vc_custom_1572526136907{padding-top: 0px !important;padding-bottom: 100px !important;background-position: 0 0 !important;background-repeat: no-repeat !important;}&#8221; el_class=&#8221;hometopfotorij&#8221;][vc_column][\/vc_column][\/vc_row][vc_row full_width=&#8221;stretch_row&#8221; css=&#8221;.vc_custom_1572525974229{background-color: #f1f1f1 !important;}&#8221;][vc_column][vc_column_text el_class=&#8221;montbreadcrumbs&#8221; css=&#8221;.vc_custom_1569318576735{padding-right: 100px !important;padding-left: 100px !important;}&#8221;]<nav aria-label=\"breadcrumbs\" class=\"rank-math-breadcrumb\"><p><span class=\"last\">Home<\/span><\/p><\/nav>[\/vc_column_text][\/vc_column][\/vc_row][\/vc_section][vc_section full_width=&#8221;stretch_row&#8221; el_class=&#8221;textcomp&#8221;][vc_row][vc_column][vc_column_text]<\/p>\n<div class=\"wpb_text_column wpb_content_element \">\n<div class=\"wpb_wrapper\">\n<h2><span style=\"font-weight: 400;\">BAHNBRECHEND UND ZUKUNFTSWEISEND<\/span><\/h2>\n<p><span style=\"font-weight: 400;\">Die weltweit einzigen motorisierten Handwerkzeuge, die &#8216;Reinigungsgrade von 95% &#8211; 100% und Rautiefen von 50 \u2013 98 Micron&#8217; realisieren k\u00f6nnen. Durch die patentierte Technologie k\u00f6nnen Korrosion und Beschichtungen schnell und gr\u00fcndlich entfernt werden. Gleichzeitig erzeugen der Bristle Blaster<sup>\u00ae<\/sup> und die MBX<sup>\u00ae<\/sup> Oberfl\u00e4chenvorbereitungsgrade vergleichbar mit Sa2\u00bd (SSPC-SP 10\/NACE Nr. 2) bis Sa3 (SSPC-SP 5\/NACE Nr. 1) und Rauheitsgrade von 40\u00a0 bis zu 120 \u00b5m Rz.<\/span><\/p>\n<\/div>\n<\/div>\n<div class=\"wpb_text_column wpb_content_element \">\n<div class=\"wpb_wrapper\">\n<h5><span style=\"font-weight: 400;\">NEUE INNOVATION<\/span><\/h5>\n<p><span style=\"font-weight: 400;\">Der patentierte Bristle Blaster<sup>\u00ae<\/sup> ist das weltweit erste handgef\u00fchrte B\u00e4nder System, das eine dem Grit Strahlen vergleichbare Qualit\u00e4t der Reinheit und Oberfl\u00e4chenrauheit erzielt.\u00a0 Das Bristle-Blasting-Verfahren ist eine neue Innovation, die sowohl Korrosion entfernt als auch ein Ankerprofil erzeugt, indem ein speziell entwickeltes rotierendes Stahl Borstenwerkzeug verwendet wird. Dieses Werkzeug ist mit nach vorne gebogenen Stahldrahtborstenspitzen versehen, die dynamisch auf ein motorisiertes Handwerkzeug abgestimmt sind, das mit etwa 2.500 U\/min arbeitet und kinetisch die Stahlborsten Spitzen aufschlagen laesst.<\/span><\/p>\n<h5><span style=\"font-weight: 400;\">MECHANISCHE GRUNDLAGEN<\/span><\/h5>\n<p><span style=\"font-weight: 400;\">Die Stahlborstenspitzen sind so ausgelegt, dass sie auf die korrodierte Oberfl\u00e4che mit einer kinetischen Energie aufschlagen, die den Standardverfahren beim Grit Strahlen entspricht. Unmittelbar nach dem Auftreffen der Stahlborstenspitzen auf die korrodierte Stahloberfl\u00e4che prallen diese von der Oberfl\u00e4che ab, was sowohl zu Korrosionsentfernung f\u00fchrt als auch zu einer Mikrovertiefung, die eine frische Oberfl\u00e4che freilegt. Folglich haben Oberfl\u00e4chen, die mit dem Bristle Blaster-Werkzeug behandelt wurden, eine Textur und visuelle Sauberkeit, die mit\u00a0 herk\u00f6mmlichen Gritstrahlverfahren vergleichbar sind.<\/span><\/p>\n<\/div>\n<\/div>\n<p>[\/vc_column_text][\/vc_column][\/vc_row][vc_row][vc_column][vc_column_text]<span style=\"font-weight: 400;\">Die verschiedenen motorisierten Werkzeuge von MontiPower<sup>\u00ae<\/sup> sind ein sensationeller Durchbruch, wenn es um Spot repair mit dem Effekt &#8216;Grit Strahle&#8217; geht. Die patentierten Eigenschaften des Bristle Blaster<sup>\u00ae<\/sup> und des MBX<sup>\u00ae<\/sup> bildeten die Grundlage f\u00fcr neue Produktreihen zur Oberfl\u00e4chenvorbereitung.<\/span>[\/vc_column_text][\/vc_column][\/vc_row][vc_row][vc_column][vc_column_text el_class=&#8221;intro&#8221;]<\/p>\n<h3>Bristle Blaster<sup>\u00ae<\/sup> Produktreihe<\/h3>\n<p>[\/vc_column_text][\/vc_column][\/vc_row][\/vc_section][vc_section css=&#8221;.vc_custom_1569500364650{padding-top: 40px !important;}&#8221;][vc_row gap=&#8221;35&#8243; content_placement=&#8221;middle&#8221; css=&#8221;.vc_custom_1569500430462{margin-right: 100px !important;margin-left: 100px !important;padding-bottom: 80px !important;background-color: #ffffff !important;}&#8221;][vc_column width=&#8221;1\/2&#8243; css=&#8221;.vc_custom_1569498569540{padding-top: 0px !important;}&#8221;][vc_single_image image=&#8221;43638&#8243; img_size=&#8221;730&#215;596&#8243; el_class=&#8221;uitgelichtfoto&#8221;][\/vc_column][vc_column width=&#8221;1\/2&#8243;][vc_column_text]<\/p>\n<h3>Bristle<sup>\u00ae<\/sup><br \/>\nBlaster<br \/>\nElektrisch<\/h3>\n<p>Der Bristle Blaster<sup>\u00ae<\/sup> ist ein speziell entwickeltes rotierendes Stahlborstenwerkzeug, das sowohl Korrosion entfernt als auch ein Ankerprofil erzeugt.[\/vc_column_text][vc_btn title=&#8221;Bristle Blaster\u00ae Electric&#8221; style=&#8221;classic&#8221; shape=&#8221;square&#8221; align=&#8221;left&#8221; link=&#8221;url:https%3A%2F%2Fmontipower.com%2Fde%2Fmp_product%2Fbristle-blaster-electric%2F|title:Elek&#8221; el_class=&#8221;uitgelichtebutton&#8221;][\/vc_column][\/vc_row][\/vc_section][vc_section el_class=&#8221;featurright&#8221;][vc_row gap=&#8221;35&#8243; content_placement=&#8221;middle&#8221; css=&#8221;.vc_custom_1572357743837{background-color: #ffffff !important;}&#8221;][vc_column width=&#8221;1\/2&#8243;][vc_column_text]<\/p>\n<h3>Bristle<br \/>\nBlaster<sup>\u00ae<\/sup> Elektrisch<br \/>\nDouble<\/h3>\n<p>Verdoppeln Sie die Leistung! Der Bristle Blaster<sup>\u00ae<\/sup> ist ein rotierendes Borstenwerkzeug, das sowohl Korrosion entfernt als auch ein Ankerprofil erzeugt.[\/vc_column_text][vc_btn title=&#8221;Bristle Blaster\u00ae Double&#8221; style=&#8221;classic&#8221; shape=&#8221;square&#8221; align=&#8221;left&#8221; link=&#8221;url:https%3A%2F%2Fmontipower.com%2Fde%2Fmp_product%2Fbristle-blaster-double%2F|title:double&#8221; el_class=&#8221;uitgelichtebutton&#8221;][\/vc_column][vc_column width=&#8221;1\/2&#8243;][vc_single_image image=&#8221;44041&#8243; img_size=&#8221;730&#215;596&#8243; el_class=&#8221;uitgelichtfotoright&#8221;][\/vc_column][\/vc_row][\/vc_section][vc_section css=&#8221;.vc_custom_1569500364650{padding-top: 40px !important;}&#8221;][vc_row gap=&#8221;35&#8243; content_placement=&#8221;middle&#8221; css=&#8221;.vc_custom_1569500430462{margin-right: 100px !important;margin-left: 100px !important;padding-bottom: 80px !important;background-color: #ffffff !important;}&#8221;][vc_column width=&#8221;1\/2&#8243; css=&#8221;.vc_custom_1569498569540{padding-top: 0px !important;}&#8221;][vc_single_image image=&#8221;43703&#8243; img_size=&#8221;730&#215;596&#8243; el_class=&#8221;uitgelichtfoto&#8221;][\/vc_column][vc_column width=&#8221;1\/2&#8243;][vc_column_text]<\/p>\n<h3>Bristle<br \/>\nBlaster\u00ae<br \/>\nKabellos<\/h3>\n<p>Die neue kabellose Technologie f\u00fcr den Bristle Blaster<sup>\u00ae<\/sup> schlie\u00dft den Sicherheitsschalter (Safety Switch) ein. Sie umfasst auch den Anti-Vibrationsgriff und einen neuen, robusten Stirnkopf.[\/vc_column_text][vc_btn title=&#8221;Bristle Blaster\u00ae KABELLOS&#8221; style=&#8221;classic&#8221; shape=&#8221;square&#8221; align=&#8221;left&#8221; link=&#8221;url:https%3A%2F%2Fmontipower.com%2Fde%2Fmp_product%2Fbristle-blaster-cordless%2F|title:cordless&#8221; el_class=&#8221;uitgelichtebutton&#8221;][\/vc_column][\/vc_row][\/vc_section][vc_section el_class=&#8221;featurright&#8221;][vc_row gap=&#8221;35&#8243; content_placement=&#8221;middle&#8221; css=&#8221;.vc_custom_1572357743837{background-color: #ffffff !important;}&#8221;][vc_column width=&#8221;1\/2&#8243; css=&#8221;.vc_custom_1569498569540{padding-top: 0px !important;}&#8221;][vc_column_text]<\/p>\n<h3>Bristle<br \/>\nBlaster\u00ae<br \/>\nPneumatisch<\/h3>\n<p>Der Bristle Blaster<sup>\u00ae <\/sup>ist ein speziell entwickeltes rotierendes Stahlborstenwerkzeug, das sowohl Korrosion entfernt als auch ein Ankerprofil erzeugt.[\/vc_column_text][vc_btn title=&#8221;Bristle Blaster\u00ae PNEUMATISCH&#8221; style=&#8221;classic&#8221; shape=&#8221;square&#8221; align=&#8221;left&#8221; link=&#8221;url:https%3A%2F%2Fmontipower.com%2Fde%2Fmp_product%2Fbristle-blaster-pneumatic%2F|title:pneumatic&#8221; el_class=&#8221;uitgelichtebutton&#8221;][\/vc_column][vc_column width=&#8221;1\/2&#8243;][vc_single_image image=&#8221;3220&#8243; img_size=&#8221;730&#215;596&#8243; el_class=&#8221;uitgelichtfotoright&#8221;][\/vc_column][\/vc_row][\/vc_section][vc_section css=&#8221;.vc_custom_1569500364650{padding-top: 40px !important;}&#8221;][vc_row gap=&#8221;35&#8243; content_placement=&#8221;middle&#8221; css=&#8221;.vc_custom_1569500430462{margin-right: 100px !important;margin-left: 100px !important;padding-bottom: 80px !important;background-color: #ffffff !important;}&#8221;][vc_column width=&#8221;1\/2&#8243; css=&#8221;.vc_custom_1569498569540{padding-top: 0px !important;}&#8221;][vc_single_image image=&#8221;5801&#8243; img_size=&#8221;730&#215;596&#8243; el_class=&#8221;uitgelichtfoto&#8221;][\/vc_column][vc_column width=&#8221;1\/2&#8243;][vc_column_text]<\/p>\n<h3>Bristle<br \/>\nBlaster\u00ae<br \/>\nAxial<\/h3>\n<p><span style=\"font-weight: 400;\">Die patentierten Eigenschaften des Bristle Blaster<sup>\u00ae<\/sup> bilden die Grundlage f\u00fcr neue Innovationen, die jetzt in neue M\u00e4rkte eingef\u00fchrt werden.<\/span>[\/vc_column_text][vc_btn title=&#8221;Bristle Blaster\u00ae Axial&#8221; style=&#8221;classic&#8221; shape=&#8221;square&#8221; align=&#8221;left&#8221; link=&#8221;url:https%3A%2F%2Fmontipower.com%2Fde%2Fmp_product%2Fbristle-blaster-axial%2F|title:Axial&#8221; el_class=&#8221;uitgelichtebutton&#8221;][\/vc_column][\/vc_row][\/vc_section][vc_section full_width=&#8221;stretch_row&#8221; el_class=&#8221;textcomp&#8221;][vc_row][vc_column][vc_column_text el_class=&#8221;intro&#8221;]<\/p>\n<h3>MBX<sup>\u00ae<\/sup>-Produktreihe<\/h3>\n<p>[\/vc_column_text][\/vc_column][\/vc_row][\/vc_section][vc_section css=&#8221;.vc_custom_1569500364650{padding-top: 40px !important;}&#8221;][vc_row gap=&#8221;35&#8243; content_placement=&#8221;middle&#8221; css=&#8221;.vc_custom_1569500430462{margin-right: 100px !important;margin-left: 100px !important;padding-bottom: 80px !important;background-color: #ffffff !important;}&#8221;][vc_column width=&#8221;1\/2&#8243; css=&#8221;.vc_custom_1569498569540{padding-top: 0px !important;}&#8221;][vc_single_image image=&#8221;45010&#8243; img_size=&#8221;730&#215;596&#8243; el_class=&#8221;uitgelichtfoto&#8221;][\/vc_column][vc_column width=&#8221;1\/2&#8243;][vc_column_text]<\/p>\n<h3>MBX<sup>\u00ae<\/sup><br \/>\nELEKTRISCH<\/h3>\n<p>Die MBX<sup>\u00ae<\/sup> entfernt m\u00fchelos Rost, Farbe, Unterbodenschutz und Dichtstoffe von Fahrzeugteilen.[\/vc_column_text][vc_btn title=&#8221;MBX\u00ae ELEKTRISCH&#8221; style=&#8221;classic&#8221; shape=&#8221;square&#8221; align=&#8221;left&#8221; link=&#8221;url:https%3A%2F%2Fmontipower.com%2Fde%2Fmp_product%2Fmbx-electric%2F|title:MBX&#8221; el_class=&#8221;uitgelichtebutton&#8221;][\/vc_column][\/vc_row][\/vc_section][vc_section el_class=&#8221;featurright&#8221;][vc_row gap=&#8221;35&#8243; content_placement=&#8221;middle&#8221; css=&#8221;.vc_custom_1572357743837{background-color: #ffffff !important;}&#8221;][vc_column width=&#8221;1\/2&#8243;][vc_column_text]<\/p>\n<h3>MBX<sup>\u00ae<\/sup><br \/>\nAXIAL<\/h3>\n<p><span style=\"font-weight: 400;\">Die MBX<sup>\u00ae<\/sup> Axial wurde speziell f\u00fcr die Entfernung von Korrosion in schwer zug\u00e4nglichen Bereichen &#8211; wie T\u00fcrfalzen, Dachfugen und Radk\u00e4sten &#8211; entwickelt.<\/span>[\/vc_column_text][vc_btn title=&#8221;MBX\u00ae Axial&#8221; style=&#8221;classic&#8221; shape=&#8221;square&#8221; align=&#8221;left&#8221; link=&#8221;url:https%3A%2F%2Fmontipower.com%2Fde%2Fmp_product%2Fmbx-axial%2F|title:MBX&#8221; el_class=&#8221;uitgelichtebutton&#8221;][\/vc_column][vc_column width=&#8221;1\/2&#8243; css=&#8221;.vc_custom_1569498569540{padding-top: 0px !important;}&#8221;][vc_single_image image=&#8221;5802&#8243; img_size=&#8221;730&#215;596&#8243; el_class=&#8221;uitgelichtfotoright&#8221;][\/vc_column][\/vc_row][\/vc_section][vc_section css=&#8221;.vc_custom_1569500364650{padding-top: 40px !important;}&#8221;][vc_row gap=&#8221;35&#8243; content_placement=&#8221;middle&#8221; css=&#8221;.vc_custom_1569500430462{margin-right: 100px !important;margin-left: 100px !important;padding-bottom: 80px !important;background-color: #ffffff !important;}&#8221;][vc_column width=&#8221;1\/2&#8243; css=&#8221;.vc_custom_1569498569540{padding-top: 0px !important;}&#8221;][vc_single_image image=&#8221;3101&#8243; img_size=&#8221;730&#215;596&#8243; el_class=&#8221;uitgelichtfoto&#8221;][\/vc_column][vc_column width=&#8221;1\/2&#8243;][vc_column_text]<\/p>\n<h3>MBX<sup>\u00ae<\/sup><br \/>\nPNEUMATISCH<\/h3>\n<p>Die MBX<sup>\u00ae<\/sup> entfernt m\u00fchelos Rost, Farbe, Unterbodenschutz und Dichtstoffe von Fahrzeugteilen.<\/p>\n<p>Schlankes und extrem leichtes Design (1,1 kg)[\/vc_column_text][vc_btn title=&#8221;MBX\u00ae PNEUMATISCH&#8221; style=&#8221;classic&#8221; shape=&#8221;square&#8221; align=&#8221;left&#8221; link=&#8221;url:https%3A%2F%2Fmontipower.com%2Fde%2Fmp_product%2Fmbx-pneumatic-standard-duty%2F|title:MBX&#8221; el_class=&#8221;uitgelichtebutton&#8221;][\/vc_column][\/vc_row][\/vc_section][vc_section el_class=&#8221;featurright&#8221;][vc_row gap=&#8221;35&#8243; content_placement=&#8221;middle&#8221; css=&#8221;.vc_custom_1572357743837{background-color: #ffffff !important;}&#8221;][vc_column width=&#8221;1\/2&#8243;][vc_column_text]<\/p>\n<h3>MBX<sup>\u00ae<\/sup><br \/>\nPneumatisch<br \/>\nHeavy Duty<\/h3>\n<p>Die MBX<sup>\u00ae<\/sup> entfernt m\u00fchelos Rost, Farbe, Unterbodenschutz und Dichtstoffe von Fahrzeugteilen.<\/p>\n<ul>\n<li><span style=\"font-weight: 400;\">Schlankes und extrem leichtes Design (1,1 kg)<\/span><\/li>\n<\/ul>\n<p>[\/vc_column_text][vc_btn title=&#8221;MBX\u00ae PNEUMATISCH HD&#8221; style=&#8221;classic&#8221; shape=&#8221;square&#8221; align=&#8221;left&#8221; link=&#8221;url:https%3A%2F%2Fmontipower.com%2Fde%2Fmp_product%2Fmbx-pneumatic-heavy-duty%2F|title:MBX&#8221; el_class=&#8221;uitgelichtebutton&#8221;][\/vc_column][vc_column width=&#8221;1\/2&#8243; css=&#8221;.vc_custom_1569498569540{padding-top: 0px !important;}&#8221;][vc_single_image image=&#8221;3198&#8243; img_size=&#8221;730&#215;596&#8243; el_class=&#8221;uitgelichtfotoright&#8221;][\/vc_column][\/vc_row][\/vc_section][vc_section css=&#8221;.vc_custom_1569500364650{padding-top: 40px !important;}&#8221;][vc_row gap=&#8221;35&#8243; content_placement=&#8221;middle&#8221; css=&#8221;.vc_custom_1569500430462{margin-right: 100px !important;margin-left: 100px !important;padding-bottom: 80px !important;background-color: #ffffff !important;}&#8221;][vc_column width=&#8221;1\/2&#8243; css=&#8221;.vc_custom_1569498569540{padding-top: 0px !important;}&#8221;][vc_single_image image=&#8221;44118&#8243; img_size=&#8221;730&#215;596&#8243; el_class=&#8221;uitgelichtfoto&#8221;][\/vc_column][vc_column width=&#8221;1\/2&#8243;][vc_column_text]<\/p>\n<h3>MBX<sup>\u00ae<\/sup><br \/>\nVinyl Zapper<sup>\u00ae<\/sup><br \/>\nElektrisch<\/h3>\n<p>Dieser gezackte Reif entfernt Vinyl, Klebereste, reflektierende Folien, Aufkleber, Abziehbilder und doppelseitiges Klebeband.[\/vc_column_text][vc_btn title=&#8221;MBX\u00ae Vinyl Zapper\u00ae ELEKTRISCH&#8221; style=&#8221;classic&#8221; shape=&#8221;square&#8221; align=&#8221;left&#8221; link=&#8221;url:https%3A%2F%2Fmontipower.com%2Fde%2Fmp_product%2Fvinyl-zapper-electric%2F|title:MBX%20Vinyl%20Zapper&#8221; el_class=&#8221;uitgelichtebutton&#8221;][\/vc_column][\/vc_row][\/vc_section][vc_section el_class=&#8221;featurright&#8221;][vc_row gap=&#8221;35&#8243; content_placement=&#8221;middle&#8221; css=&#8221;.vc_custom_1572357743837{background-color: #ffffff !important;}&#8221;][vc_column width=&#8221;1\/2&#8243;][vc_column_text]<\/p>\n<h3>MBX<sup>\u00ae<\/sup><br \/>\nVinyl Zapper<sup>\u00ae<\/sup><br \/>\nPNEUMATISCH<\/h3>\n<p>Dieser gezackte Reif entfernt Vinyl, Klebereste, reflektierende Folien, Aufkleber, Abziehbilder und doppelseitiges Klebeband.[\/vc_column_text][vc_btn title=&#8221;MBX\u00ae Vinyl Zapper\u00ae PNEUMATISCH&#8221; style=&#8221;classic&#8221; shape=&#8221;square&#8221; align=&#8221;left&#8221; link=&#8221;url:https%3A%2F%2Fmontipower.com%2Fde%2Fmp_product%2Fvinyl-zapper-pneumatic%2F|title:MBX%20vinyl%20zapper&#8221; el_class=&#8221;uitgelichtebutton&#8221;][\/vc_column][vc_column width=&#8221;1\/2&#8243; css=&#8221;.vc_custom_1569498569540{padding-top: 0px !important;}&#8221;][vc_single_image image=&#8221;3212&#8243; img_size=&#8221;730&#215;596&#8243; el_class=&#8221;uitgelichtfotoright&#8221;][\/vc_column][\/vc_row][\/vc_section][vc_section css=&#8221;.vc_custom_1569500364650{padding-top: 40px !important;}&#8221;][vc_row gap=&#8221;35&#8243; content_placement=&#8221;middle&#8221; css=&#8221;.vc_custom_1569500430462{margin-right: 100px !important;margin-left: 100px !important;padding-bottom: 80px !important;background-color: #ffffff !important;}&#8221;][vc_column width=&#8221;1\/2&#8243; css=&#8221;.vc_custom_1569498569540{padding-top: 0px !important;}&#8221;][vc_single_image image=&#8221;5671&#8243; img_size=&#8221;730&#215;596&#8243; el_class=&#8221;uitgelichtfoto&#8221;][\/vc_column][vc_column width=&#8221;1\/2&#8243;][vc_column_text]<\/p>\n<h3>MBX<sup>\u00ae<\/sup><br \/>\nVinyl Zapper<sup>\u00ae<\/sup><br \/>\nUltimate<\/h3>\n<p>Dieser gezackte Reif entfernt Vinyl, Klebereste, reflektierende Folien, Aufkleber, Abziehbilder und doppelseitiges Klebeband sowie das preparieren zur Maintenance von Windfluegeln der Windpower Anlagen.[\/vc_column_text][vc_btn title=&#8221;MBX\u00ae Vinyl Zapper\u00ae Ultimate&#8221; style=&#8221;classic&#8221; shape=&#8221;square&#8221; align=&#8221;left&#8221; link=&#8221;url:https%3A%2F%2Fmontipower.com%2Fde%2Fmp_product%2Fmbx-decalpower%2F|title:ultimate&#8221; el_class=&#8221;uitgelichtebutton&#8221;][\/vc_column][\/vc_row][\/vc_section]<\/p>\n<\/div>","protected":false},"excerpt":{"rendered":"<p>[vc_section full_width=&#8221;stretch_row&#8221; content_placement=&#8221;bottom&#8221; css=&#8221;.vc_custom_1569320141112{padding-top: 30px !important;padding-bottom: 0px !important;background-color: #ff1212 !important;background-position: center &#8230; <\/p>\n","protected":false},"author":3,"featured_media":0,"parent":11138,"menu_order":0,"comment_status":"closed","ping_status":"closed","template":"","meta":{"_acf_changed":false,"footnotes":""},"acf":[],"_links":{"self":[{"href":"https:\/\/montipower-ontwikkel.com\/de\/wp-json\/wp\/v2\/pages\/11143"}],"collection":[{"href":"https:\/\/montipower-ontwikkel.com\/de\/wp-json\/wp\/v2\/pages"}],"about":[{"href":"https:\/\/montipower-ontwikkel.com\/de\/wp-json\/wp\/v2\/types\/page"}],"author":[{"embeddable":true,"href":"https:\/\/montipower-ontwikkel.com\/de\/wp-json\/wp\/v2\/users\/3"}],"replies":[{"embeddable":true,"href":"https:\/\/montipower-ontwikkel.com\/de\/wp-json\/wp\/v2\/comments?post=11143"}],"version-history":[{"count":17,"href":"https:\/\/montipower-ontwikkel.com\/de\/wp-json\/wp\/v2\/pages\/11143\/revisions"}],"predecessor-version":[{"id":49640,"href":"https:\/\/montipower-ontwikkel.com\/de\/wp-json\/wp\/v2\/pages\/11143\/revisions\/49640"}],"up":[{"embeddable":true,"href":"https:\/\/montipower-ontwikkel.com\/de\/wp-json\/wp\/v2\/pages\/11138"}],"wp:attachment":[{"href":"https:\/\/montipower-ontwikkel.com\/de\/wp-json\/wp\/v2\/media?parent=11143"}],"curies":[{"name":"wp","href":"https:\/\/api.w.org\/{rel}","templated":true}]}}