{"id":10917,"date":"2020-06-04T10:28:49","date_gmt":"2020-06-04T08:28:49","guid":{"rendered":"https:\/\/monti.la-compagnie.digital\/service-support\/memberships\/"},"modified":"2023-07-10T15:56:15","modified_gmt":"2023-07-10T13:56:15","slug":"mitgliedschaften","status":"publish","type":"page","link":"https:\/\/montipower-ontwikkel.com\/de\/service-support\/mitgliedschaften\/","title":{"rendered":"MITGLIEDSCHAFTEN"},"content":{"rendered":"<div class=\"wpb-content-wrapper\"><p>[vc_section full_width=&#8221;stretch_row&#8221; content_placement=&#8221;bottom&#8221; css=&#8221;.vc_custom_1569320141112{padding-top: 30px !important;padding-bottom: 0px !important;background-color: #ff1212 !important;background-position: center !important;background-repeat: no-repeat !important;background-size: cover !important;}&#8221; el_class=&#8221;topbig&#8221;][vc_row css=&#8221;.vc_custom_1569318223776{padding-right: 100px !important;padding-left: 100px !important;}&#8221;][vc_column width=&#8221;1\/2&#8243;][vc_column_text]<\/p>\n<h1><span style=\"font-weight: 400;\">MITGLIEDSCHAFTEN<\/span><\/h1>\n<p>[\/vc_column_text][\/vc_column][vc_column width=&#8221;1\/2&#8243;][\/vc_column][\/vc_row][vc_row full_width=&#8221;stretch_row_content_no_spaces&#8221; content_placement=&#8221;bottom&#8221; css=&#8221;.vc_custom_1572526136907{padding-top: 0px !important;padding-bottom: 100px !important;background-position: 0 0 !important;background-repeat: no-repeat !important;}&#8221; el_class=&#8221;hometopfotorij&#8221;][vc_column][\/vc_column][\/vc_row][vc_row full_width=&#8221;stretch_row&#8221; css=&#8221;.vc_custom_1572525974229{background-color: #f1f1f1 !important;}&#8221;][vc_column][vc_column_text el_class=&#8221;montbreadcrumbs&#8221; css=&#8221;.vc_custom_1569318576735{padding-right: 100px !important;padding-left: 100px !important;}&#8221;]<nav aria-label=\"breadcrumbs\" class=\"rank-math-breadcrumb\"><p><span class=\"last\">Home<\/span><\/p><\/nav>[\/vc_column_text][\/vc_column][\/vc_row][\/vc_section][vc_section full_width=&#8221;stretch_row&#8221; el_class=&#8221;textcomp&#8221;][vc_row][vc_column][vc_column_text]<strong>MontiPower<sup>\u00ae<\/sup> ist Mitglied der folgenden Organisationen:<\/strong>[\/vc_column_text][\/vc_column][\/vc_row][vc_row][vc_column width=&#8221;1\/3&#8243;][vc_single_image image=&#8221;43833&#8243; img_size=&#8221;450&#215;350&#8243; alignment=&#8221;center&#8221; style=&#8221;vc_box_shadow&#8221; onclick=&#8221;custom_link&#8221; img_link_target=&#8221;_blank&#8221; link=&#8221;http:\/\/www.iploca.com&#8221;][vc_column_text]<strong><span style=\"color: #333333;\"><a style=\"color: #333333;\" href=\"http:\/\/www.iploca.com\" target=\"_blank\" rel=\"noopener noreferrer\">IPLOCA<\/a><\/span> \u2013 International Pipe Line &amp; Offshore Contractors Association<\/strong>[\/vc_column_text][\/vc_column][vc_column width=&#8221;1\/3&#8243;][vc_single_image image=&#8221;43852&#8243; img_size=&#8221;450&#215;350&#8243; alignment=&#8221;center&#8221; style=&#8221;vc_box_shadow&#8221; onclick=&#8221;custom_link&#8221; img_link_target=&#8221;_blank&#8221; link=&#8221;https:\/\/www.ampp.org\/home&#8221;][vc_column_text]<strong><span style=\"color: #333333;\"><a style=\"color: #333333;\" href=\"https:\/\/www.ampp.org\/home\" target=\"_blank\" rel=\"noopener noreferrer\">AMPP<\/a><\/span> \u2013 Das gemeinsame Unternehmen von NACE und SSPC<br \/>\n<\/strong>[\/vc_column_text][\/vc_column][vc_column width=&#8221;1\/3&#8243;][vc_single_image image=&#8221;43949&#8243; img_size=&#8221;450&#215;350&#8243; alignment=&#8221;center&#8221; style=&#8221;vc_box_shadow&#8221; onclick=&#8221;custom_link&#8221; img_link_target=&#8221;_blank&#8221; link=&#8221;https:\/\/nnow.nl\/en\/members\/&#8221;][vc_column_text]<strong><span style=\"color: #333333;\"><a style=\"color: #333333;\" href=\"https:\/\/nnow.nl\/en\/members\/\" target=\"_blank\" rel=\"noopener noreferrer\">NNOW<\/a><\/span> \u2013 Northern Netherlands Offshore Wind<\/strong>[\/vc_column_text][\/vc_column][\/vc_row][vc_row][vc_column width=&#8221;1\/3&#8243;][vc_single_image image=&#8221;43942&#8243; img_size=&#8221;450&#215;350&#8243; alignment=&#8221;center&#8221; style=&#8221;vc_box_shadow&#8221; onclick=&#8221;custom_link&#8221; img_link_target=&#8221;_blank&#8221; link=&#8221;http:\/\/www.itanks.eu&#8221;][vc_column_text]<strong><span style=\"color: #333333;\"><a style=\"color: #333333;\" href=\"http:\/\/www.itanks.eu\" target=\"_blank\" rel=\"noopener\">ITANKS<\/a> \u2013 Das gr\u00f6\u00dfte innovative Industrienetz in den Niederlanden<br \/>\n<\/span><\/strong>[\/vc_column_text][\/vc_column][vc_column width=&#8221;1\/3&#8243;][vc_single_image image=&#8221;43928&#8243; img_size=&#8221;450&#215;350&#8243; alignment=&#8221;center&#8221; style=&#8221;vc_box_shadow&#8221; onclick=&#8221;custom_link&#8221; img_link_target=&#8221;_blank&#8221; link=&#8221;http:\/\/www.nen.nl&#8221;][vc_column_text]<strong><span style=\"color: #333333;\"><a style=\"color: #333333;\" href=\"http:\/\/www.nen.nl\" target=\"_blank\" rel=\"noopener noreferrer\">NEN-ISO<\/a><\/span><\/strong>[\/vc_column_text][\/vc_column][vc_column width=&#8221;1\/3&#8243;][vc_single_image image=&#8221;43896&#8243; img_size=&#8221;450&#215;350&#8243; alignment=&#8221;center&#8221; style=&#8221;vc_box_shadow&#8221; onclick=&#8221;custom_link&#8221; img_link_target=&#8221;_blank&#8221; link=&#8221;http:\/\/www.frosio.no&#8221;][vc_column_text]<strong><span style=\"color: #333333;\"><a style=\"color: #333333;\" href=\"http:\/\/www.frosio.no\" target=\"_blank\" rel=\"noopener noreferrer\">FROSIO<\/a><\/span> \u2013 Die f\u00fchrende Zertifizierungsstelle f\u00fcr Oberfl\u00e4chenbehandlung &amp; Isolationsinspektoren<\/strong>[\/vc_column_text][\/vc_column][\/vc_row][vc_row][vc_column width=&#8221;1\/3&#8243;][vc_single_image image=&#8221;43908&#8243; img_size=&#8221;450&#215;350&#8243; alignment=&#8221;center&#8221; style=&#8221;vc_box_shadow&#8221; onclick=&#8221;custom_link&#8221; img_link_target=&#8221;_blank&#8221; link=&#8221;https:\/\/gfkorr.de\/&#8221;][vc_column_text]<strong><span style=\"color: #333333;\"><a style=\"color: #333333;\" href=\"http:\/\/www.gfkorr.de\" target=\"_blank\" rel=\"noopener noreferrer\">GfKorr<\/a><\/span> \u2013 Gesellschaft f\u00fcr Korrosionsschutz e.V.<\/strong>[\/vc_column_text][\/vc_column][vc_column width=&#8221;1\/3&#8243;][vc_single_image image=&#8221;43921&#8243; img_size=&#8221;450&#215;350&#8243; alignment=&#8221;center&#8221; style=&#8221;vc_box_shadow&#8221; onclick=&#8221;custom_link&#8221; img_link_target=&#8221;_blank&#8221; link=&#8221;http:\/\/www.din.de&#8221;][vc_column_text]<strong><span style=\"color: #333333;\"><a style=\"color: #333333;\" href=\"http:\/\/www.din.de\" target=\"_blank\" rel=\"noopener noreferrer\">DIN-ISO<\/a><\/span><\/strong>[\/vc_column_text][\/vc_column][vc_column width=&#8221;1\/3&#8243;][vc_single_image image=&#8221;43887&#8243; img_size=&#8221;450&#215;350&#8243; alignment=&#8221;center&#8221; style=&#8221;vc_box_shadow&#8221; onclick=&#8221;custom_link&#8221; img_link_target=&#8221;_blank&#8221; link=&#8221;http:\/\/www.eurocorr.org&#8221;][vc_column_text]<strong><span style=\"color: #333333;\"><a style=\"color: #333333;\" href=\"http:\/\/www.eurocorr.org\" target=\"_blank\" rel=\"noopener noreferrer\">EUROCORR<\/a>\u00a0<\/span>\u2013 Der j\u00e4hrliche Kongress der European Federation of Corrosion<\/strong>[\/vc_column_text][\/vc_column][\/vc_row][vc_row][vc_column width=&#8221;1\/3&#8243;][vc_single_image image=&#8221;43934&#8243; img_size=&#8221;450&#215;350&#8243; alignment=&#8221;center&#8221; style=&#8221;vc_box_shadow&#8221; onclick=&#8221;custom_link&#8221; img_link_target=&#8221;_blank&#8221; link=&#8221;https:\/\/www.iro-online.de\/home_1.html&#8221;][vc_column_text]<strong><span style=\"color: #333333;\"><a style=\"color: #333333;\" href=\"https:\/\/www.iro-online.de\/home_1.html\" target=\"_blank\" rel=\"noopener noreferrer\">IRO<\/a> \u2013 Das Institut f\u00fcr Rohrleitungsbau an der Fachhochschule Oldenburg e.V.<br \/>\n<\/span><\/strong>[\/vc_column_text][\/vc_column][vc_column width=&#8221;1\/3&#8243;][vc_single_image image=&#8221;44680&#8243; img_size=&#8221;450&#215;350&#8243; alignment=&#8221;center&#8221; style=&#8221;vc_box_shadow&#8221; onclick=&#8221;custom_link&#8221; img_link_target=&#8221;_blank&#8221; link=&#8221;https:\/\/pinsel-buersten.de\/&#8221;][vc_column_text]<strong><span style=\"color: #333333;\"><a style=\"color: #333333;\" href=\"https:\/\/pinsel-buersten.de\/\" target=\"_blank\" rel=\"noopener noreferrer\">Verband der Deutschen Pinsel- und B\u00fcrstenhersteller e.V<\/a><br \/>\n<\/span><\/strong>[\/vc_column_text][\/vc_column][vc_column width=&#8221;1\/3&#8243;][\/vc_column][\/vc_row][\/vc_section]<\/p>\n<\/div>","protected":false},"excerpt":{"rendered":"<p>[vc_section full_width=&#8221;stretch_row&#8221; content_placement=&#8221;bottom&#8221; css=&#8221;.vc_custom_1569320141112{padding-top: 30px !important;padding-bottom: 0px !important;background-color: #ff1212 !important;background-position: center &#8230; <\/p>\n","protected":false},"author":3,"featured_media":0,"parent":9905,"menu_order":0,"comment_status":"closed","ping_status":"closed","template":"","meta":{"_acf_changed":false,"footnotes":""},"acf":[],"_links":{"self":[{"href":"https:\/\/montipower-ontwikkel.com\/de\/wp-json\/wp\/v2\/pages\/10917"}],"collection":[{"href":"https:\/\/montipower-ontwikkel.com\/de\/wp-json\/wp\/v2\/pages"}],"about":[{"href":"https:\/\/montipower-ontwikkel.com\/de\/wp-json\/wp\/v2\/types\/page"}],"author":[{"embeddable":true,"href":"https:\/\/montipower-ontwikkel.com\/de\/wp-json\/wp\/v2\/users\/3"}],"replies":[{"embeddable":true,"href":"https:\/\/montipower-ontwikkel.com\/de\/wp-json\/wp\/v2\/comments?post=10917"}],"version-history":[{"count":7,"href":"https:\/\/montipower-ontwikkel.com\/de\/wp-json\/wp\/v2\/pages\/10917\/revisions"}],"predecessor-version":[{"id":44688,"href":"https:\/\/montipower-ontwikkel.com\/de\/wp-json\/wp\/v2\/pages\/10917\/revisions\/44688"}],"up":[{"embeddable":true,"href":"https:\/\/montipower-ontwikkel.com\/de\/wp-json\/wp\/v2\/pages\/9905"}],"wp:attachment":[{"href":"https:\/\/montipower-ontwikkel.com\/de\/wp-json\/wp\/v2\/media?parent=10917"}],"curies":[{"name":"wp","href":"https:\/\/api.w.org\/{rel}","templated":true}]}}