{"id":10914,"date":"2019-09-25T13:48:03","date_gmt":"2019-09-25T11:48:03","guid":{"rendered":"https:\/\/monti.la-compagnie.digital\/service-support\/cleantech-services\/"},"modified":"2021-04-24T20:20:29","modified_gmt":"2021-04-24T18:20:29","slug":"cleantech-komplettservices","status":"publish","type":"page","link":"https:\/\/montipower-ontwikkel.com\/de\/service-support\/cleantech-komplettservices\/","title":{"rendered":"Cleantech Komplettservices"},"content":{"rendered":"<div class=\"wpb-content-wrapper\"><p>[vc_section full_width=&#8221;stretch_row&#8221; content_placement=&#8221;bottom&#8221; css=&#8221;.vc_custom_1594125607120{padding-top: 30px !important;padding-bottom: 0px !important;background: #ff1212 url(https:\/\/montipower.com\/wp-content\/uploads\/2019\/12\/MONTI_Caddy_Zwart_1923x610px.jpg?id=4161) !important;background-position: center !important;background-repeat: no-repeat !important;background-size: cover !important;}&#8221; el_class=&#8221;topbig&#8221;][vc_row css=&#8221;.vc_custom_1569318223776{padding-right: 100px !important;padding-left: 100px !important;}&#8221;][vc_column width=&#8221;1\/2&#8243;][vc_column_text]<\/p>\n<h1><span style=\"font-weight: 400;\">KOMPLETT<\/span><br \/>\nServices<\/h1>\n<p>[\/vc_column_text][\/vc_column][vc_column width=&#8221;1\/2&#8243;][\/vc_column][\/vc_row][vc_row full_width=&#8221;stretch_row_content_no_spaces&#8221; content_placement=&#8221;bottom&#8221; css=&#8221;.vc_custom_1572526136907{padding-top: 0px !important;padding-bottom: 100px !important;background-position: 0 0 !important;background-repeat: no-repeat !important;}&#8221; el_class=&#8221;hometopfotorij&#8221;][vc_column][\/vc_column][\/vc_row][vc_row full_width=&#8221;stretch_row&#8221; css=&#8221;.vc_custom_1572525974229{background-color: #f1f1f1 !important;}&#8221;][vc_column][vc_column_text el_class=&#8221;montbreadcrumbs&#8221; css=&#8221;.vc_custom_1569318576735{padding-right: 100px !important;padding-left: 100px !important;}&#8221;]<nav aria-label=\"breadcrumbs\" class=\"rank-math-breadcrumb\"><p><span class=\"last\">Home<\/span><\/p><\/nav>[\/vc_column_text][\/vc_column][\/vc_row][\/vc_section][vc_section full_width=&#8221;stretch_row&#8221; el_class=&#8221;textcomp&#8221;][vc_row][vc_column][vc_column_text el_class=&#8221;intro&#8221;]<\/p>\n<h2>NACE, ISO und SSPC standards<\/h2>\n<p>[\/vc_column_text][vc_column_text]<span style=\"font-weight: 400;\">Unsere Bristle-Blaster-Services k\u00f6nnen die Oberfl\u00e4che vorbereiten und Beschichtungen entfernen gem\u00e4\u00df den NACE, ISO und SSPC Standards im Reinheitsgrad von sandgestrahltem Stahl. Dies beinhaltet ann\u00e4hernd Wei\u00dfmetallstrahlen und Wei\u00dfmetallstrahlen.<\/span><\/p>\n<p><span style=\"font-weight: 400;\">Mit st\u00e4rker oszillierenden Cleantech L\u00f6sungen, wie etwa Quattro (Q4) und dem Cleantech Prepper<sup>\u00ae<\/sup>, k\u00f6nnen wir Muster von Ankerprofilen erzeugen, welche in puncto Adh\u00e4sion und Korrosionsbest\u00e4ndigkeit die Voraussetzungen f\u00fcr den Primer Ihrer Wahl erf\u00fcllen, wie etwa Zink, Epoxy, Butyl, Spritzverzinkung oder TSA. Die Oszillationstechnologien eliminieren den manuellen Aufwand und k\u00f6nnen fast \u00fcberall eingesetzt werden, einschlie\u00dflich in geschlossenen R\u00e4umen oder an Orten, die weniger Containment ben\u00f6tigen, als wenn Sie sandstahlen. Da das oszillierende Bristle Blasting keinen Staub emittiert und kein Wasser verwendet, k\u00f6nnen die Bauausf\u00fchrenden Zeit und Geld bei der Reinigung und Eind\u00e4mmung sparen.<\/span>[\/vc_column_text][vc_column_text]<\/p>\n<h3>Downloads<\/h3>\n<p><a href=\"https:\/\/heyzine.com\/flip-book\/59ec2dfc12.html\" target=\"_blank\" rel=\"noopener noreferrer\">Bristle Blaster<sup>\u00ae<\/sup> Subsea Leaflet<\/a><\/p>\n<p><a href=\"https:\/\/heyzine.com\/flip-book\/43cb135d28.html\" target=\"_blank\" rel=\"noopener noreferrer\">Leaflet Cleantech Prepper<sup>\u00ae<\/sup> 2019<\/a>[\/vc_column_text][\/vc_column][\/vc_row][\/vc_section][vc_row][vc_column][vc_single_image image=&#8221;2538&#8243; img_size=&#8221;large&#8221; alignment=&#8221;center&#8221;][\/vc_column][\/vc_row][vc_section el_class=&#8221;productdetail&#8221;][vc_row css=&#8221;.vc_custom_1572353854868{padding-right: 50px !important;padding-left: 50px !important;}&#8221;][vc_column][vc_column_text]<\/p>\n<h2 style=\"text-align: center;\"><span style=\"font-weight: 400;\">ENTDECKEN SIE UNSERE PRODUKTE<\/span><\/h2>\n<p>[\/vc_column_text][vc_row_inner][vc_column_inner width=&#8221;1\/2&#8243;][vc_btn title=&#8221;Prepper<sup>\u00ae<\/sup> Q10&#8243; style=&#8221;classic&#8221; shape=&#8221;square&#8221; size=&#8221;lg&#8221; align=&#8221;center&#8221; button_block=&#8221;true&#8221; link=&#8221;url:https%3A%2F%2Fmontipower.com%2Fde%2Fprodukte%2Fpowermachines%2Fprepper-q10-aufspannbetrieb%2F|title:Prepper%20Q10|target:_blank&#8221; el_class=&#8221;solutions-button&#8221;][\/vc_column_inner][vc_column_inner width=&#8221;1\/2&#8243;][vc_btn title=&#8221;Prepper<sup>\u00ae<\/sup> Q4&#8243; style=&#8221;classic&#8221; shape=&#8221;square&#8221; size=&#8221;lg&#8221; align=&#8221;center&#8221; button_block=&#8221;true&#8221; link=&#8221;url:https%3A%2F%2Fmontipower.com%2Fde%2Fprodukte%2Fpowermachines%2Fquattro-4%2F|title:Prepper%20Q4|target:_blank&#8221; el_class=&#8221;solutions-button&#8221;][\/vc_column_inner][\/vc_row_inner][\/vc_column][\/vc_row][\/vc_section][vc_section el_class=&#8221;productdetail&#8221;][vc_row][vc_column][vc_video link=&#8221;https:\/\/www.youtube.com\/watch?v=wlYIuo3JuMc&#8221; el_width=&#8221;90&#8243; align=&#8221;center&#8221; css_animation=&#8221;fadeIn&#8221;][\/vc_column][\/vc_row][\/vc_section]<\/p>\n<\/div>","protected":false},"excerpt":{"rendered":"<p>[vc_section full_width=&#8221;stretch_row&#8221; content_placement=&#8221;bottom&#8221; css=&#8221;.vc_custom_1594125607120{padding-top: 30px !important;padding-bottom: 0px !important;background: #ff1212 url(https:\/\/montipower.com\/wp-content\/uploads\/2019\/12\/MONTI_Caddy_Zwart_1923x610px.jpg?id=4161) !important;background-position: &#8230; <\/p>\n","protected":false},"author":3,"featured_media":0,"parent":9905,"menu_order":0,"comment_status":"closed","ping_status":"closed","template":"","meta":{"_acf_changed":false,"footnotes":""},"acf":[],"_links":{"self":[{"href":"https:\/\/montipower-ontwikkel.com\/de\/wp-json\/wp\/v2\/pages\/10914"}],"collection":[{"href":"https:\/\/montipower-ontwikkel.com\/de\/wp-json\/wp\/v2\/pages"}],"about":[{"href":"https:\/\/montipower-ontwikkel.com\/de\/wp-json\/wp\/v2\/types\/page"}],"author":[{"embeddable":true,"href":"https:\/\/montipower-ontwikkel.com\/de\/wp-json\/wp\/v2\/users\/3"}],"replies":[{"embeddable":true,"href":"https:\/\/montipower-ontwikkel.com\/de\/wp-json\/wp\/v2\/comments?post=10914"}],"version-history":[{"count":4,"href":"https:\/\/montipower-ontwikkel.com\/de\/wp-json\/wp\/v2\/pages\/10914\/revisions"}],"predecessor-version":[{"id":11525,"href":"https:\/\/montipower-ontwikkel.com\/de\/wp-json\/wp\/v2\/pages\/10914\/revisions\/11525"}],"up":[{"embeddable":true,"href":"https:\/\/montipower-ontwikkel.com\/de\/wp-json\/wp\/v2\/pages\/9905"}],"wp:attachment":[{"href":"https:\/\/montipower-ontwikkel.com\/de\/wp-json\/wp\/v2\/media?parent=10914"}],"curies":[{"name":"wp","href":"https:\/\/api.w.org\/{rel}","templated":true}]}}