{"id":10908,"date":"2020-06-04T10:27:47","date_gmt":"2020-06-04T08:27:47","guid":{"rendered":"https:\/\/monti.la-compagnie.digital\/service-support\/training-request\/"},"modified":"2021-04-24T20:21:39","modified_gmt":"2021-04-24T18:21:39","slug":"schulungsanfrage","status":"publish","type":"page","link":"https:\/\/montipower-ontwikkel.com\/de\/service-support\/schulungsanfrage\/","title":{"rendered":"SCHULUNGSANFRAGE"},"content":{"rendered":"<div class=\"wpb-content-wrapper\"><p>[vc_section full_width=&#8221;stretch_row&#8221; content_placement=&#8221;bottom&#8221; css=&#8221;.vc_custom_1569320141112{padding-top: 30px !important;padding-bottom: 0px !important;background-color: #ff1212 !important;background-position: center !important;background-repeat: no-repeat !important;background-size: cover !important;}&#8221; el_class=&#8221;topbig&#8221;][vc_row css=&#8221;.vc_custom_1569318223776{padding-right: 100px !important;padding-left: 100px !important;}&#8221;][vc_column width=&#8221;1\/2&#8243;][vc_column_text]<\/p>\n<h1><span style=\"font-weight: 400;\">SCHULUNGSANFRAGE<\/span><\/h1>\n<p>[\/vc_column_text][\/vc_column][vc_column width=&#8221;1\/2&#8243;][\/vc_column][\/vc_row][vc_row full_width=&#8221;stretch_row_content_no_spaces&#8221; content_placement=&#8221;bottom&#8221; css=&#8221;.vc_custom_1572526136907{padding-top: 0px !important;padding-bottom: 100px !important;background-position: 0 0 !important;background-repeat: no-repeat !important;}&#8221; el_class=&#8221;hometopfotorij&#8221;][vc_column][\/vc_column][\/vc_row][vc_row full_width=&#8221;stretch_row&#8221; css=&#8221;.vc_custom_1572525974229{background-color: #f1f1f1 !important;}&#8221;][vc_column][vc_column_text el_class=&#8221;montbreadcrumbs&#8221; css=&#8221;.vc_custom_1569318576735{padding-right: 100px !important;padding-left: 100px !important;}&#8221;]<nav aria-label=\"breadcrumbs\" class=\"rank-math-breadcrumb\"><p><span class=\"last\">Home<\/span><\/p><\/nav>[\/vc_column_text][\/vc_column][\/vc_row][\/vc_section][vc_section full_width=&#8221;stretch_row&#8221; el_class=&#8221;textcomp&#8221;][vc_row][vc_column][vc_column_text]<\/p>\n<h2><span style=\"font-weight: 400;\">KURSE OBERFL\u00c4CHENVORBEREITUNG<\/span><\/h2>\n<p><span style=\"font-weight: 400;\">Die Technologie hinter den Tools und Maschinen von MontiPower beinhaltet weitaus mehr als nur &#8220;<a href=\"https:\/\/montipower.com\/de\/info\/gesundheitsschutz-arbeitssicherheit\/\" target=\"_blank\" rel=\"noopener\">sicheres und umweltfreundliches<\/a>&#8221; Reinigen und Aufrauen von Oberfl\u00e4chen, die nachhaltig behandelt und erhalten werden m\u00fcssen.<\/span><\/p>\n<p>&nbsp;<\/p>\n<p><span style=\"font-weight: 400;\">Die Kurse zur Oberfl\u00e4chenvorbereitung von MontiPower beinhalten:<\/span><\/p>\n<ul>\n<li><span style=\"font-weight: 400;\">Fachwissen Oberfl\u00e4chenmaterial<\/span><\/li>\n<li><span style=\"font-weight: 400;\">Reinheitsgrade<\/span><\/li>\n<li><span style=\"font-weight: 400;\">Testverfahren<\/span><\/li>\n<li><span style=\"font-weight: 400;\">Rauigkeitsgrade<\/span><\/li>\n<li><span style=\"font-weight: 400;\">Verfahren<\/span><\/li>\n<li><span style=\"font-weight: 400;\">MontiPower Verfahren<\/span><\/li>\n<li><span style=\"font-weight: 400;\">Innovationen<\/span><\/li>\n<li><span style=\"font-weight: 400;\">Gesundheit, Sicherheit<\/span><\/li>\n<li>Recycling<\/li>\n<li><span style=\"font-weight: 400;\">Kosten<\/span><\/li>\n<\/ul>\n<p><span style=\"font-weight: 400;\">In Zusammenarbeit mit unseren Landesorganisationen und Vertrieb \/ H\u00e4ndlern k\u00f6nnen kurze oder intensivere Schulungsprogramme (einschlie\u00dflich f\u00fcr die Unterwasservorbereitung) an verschiedenen Standorten angeboten werden<\/span><\/p>\n<p><span style=\"font-weight: 400;\">F\u00fcr weitere Informationen, mailen Sie an<\/span>\u00a0<a href=\"mailto:training@montipower.com\">training@montipower.com<\/a>[\/vc_column_text][\/vc_column][\/vc_row][\/vc_section]<\/p>\n<\/div>","protected":false},"excerpt":{"rendered":"<p>[vc_section full_width=&#8221;stretch_row&#8221; content_placement=&#8221;bottom&#8221; css=&#8221;.vc_custom_1569320141112{padding-top: 30px !important;padding-bottom: 0px !important;background-color: #ff1212 !important;background-position: center &#8230; <\/p>\n","protected":false},"author":3,"featured_media":0,"parent":9905,"menu_order":0,"comment_status":"closed","ping_status":"closed","template":"","meta":{"_acf_changed":false,"footnotes":""},"acf":[],"_links":{"self":[{"href":"https:\/\/montipower-ontwikkel.com\/de\/wp-json\/wp\/v2\/pages\/10908"}],"collection":[{"href":"https:\/\/montipower-ontwikkel.com\/de\/wp-json\/wp\/v2\/pages"}],"about":[{"href":"https:\/\/montipower-ontwikkel.com\/de\/wp-json\/wp\/v2\/types\/page"}],"author":[{"embeddable":true,"href":"https:\/\/montipower-ontwikkel.com\/de\/wp-json\/wp\/v2\/users\/3"}],"replies":[{"embeddable":true,"href":"https:\/\/montipower-ontwikkel.com\/de\/wp-json\/wp\/v2\/comments?post=10908"}],"version-history":[{"count":2,"href":"https:\/\/montipower-ontwikkel.com\/de\/wp-json\/wp\/v2\/pages\/10908\/revisions"}],"predecessor-version":[{"id":10910,"href":"https:\/\/montipower-ontwikkel.com\/de\/wp-json\/wp\/v2\/pages\/10908\/revisions\/10910"}],"up":[{"embeddable":true,"href":"https:\/\/montipower-ontwikkel.com\/de\/wp-json\/wp\/v2\/pages\/9905"}],"wp:attachment":[{"href":"https:\/\/montipower-ontwikkel.com\/de\/wp-json\/wp\/v2\/media?parent=10908"}],"curies":[{"name":"wp","href":"https:\/\/api.w.org\/{rel}","templated":true}]}}