{"id":10900,"date":"2019-10-01T10:15:25","date_gmt":"2019-10-01T08:15:25","guid":{"rendered":"https:\/\/monti.la-compagnie.digital\/info\/care-for-steel-protection\/"},"modified":"2021-04-24T20:20:29","modified_gmt":"2021-04-24T18:20:29","slug":"vorsorge-fuer-stahlschutz","status":"publish","type":"page","link":"https:\/\/montipower-ontwikkel.com\/de\/info\/vorsorge-fuer-stahlschutz\/","title":{"rendered":"VORSORGE F\u00dcR STAHLSCHUTZ"},"content":{"rendered":"<div class=\"wpb-content-wrapper\"><p>[vc_section full_width=&#8221;stretch_row&#8221; content_placement=&#8221;bottom&#8221; css=&#8221;.vc_custom_1592819935490{padding-top: 30px !important;padding-bottom: 0px !important;background: #ff1212 url(https:\/\/montipower.com\/wp-content\/uploads\/2019\/10\/Pipeline_Rust_72dpi-1.jpg?id=3462) !important;background-position: center !important;background-repeat: no-repeat !important;background-size: cover !important;}&#8221; el_class=&#8221;topbig&#8221;][vc_row css=&#8221;.vc_custom_1569318223776{padding-right: 100px !important;padding-left: 100px !important;}&#8221;][vc_column width=&#8221;1\/2&#8243;][vc_column_text]<\/p>\n<h1><span style=\"font-weight: 400;\">VORSORGE F\u00dcR STAHLSCHUTZ<\/span><\/h1>\n<p>[\/vc_column_text][\/vc_column][vc_column width=&#8221;1\/2&#8243;][\/vc_column][\/vc_row][vc_row full_width=&#8221;stretch_row_content_no_spaces&#8221; content_placement=&#8221;bottom&#8221; css=&#8221;.vc_custom_1572531334156{padding-top: 0px !important;padding-bottom: 100px !important;background-position: 0 0 !important;background-repeat: no-repeat !important;}&#8221; el_class=&#8221;hometopfotorij&#8221;][vc_column][\/vc_column][\/vc_row][vc_row full_width=&#8221;stretch_row&#8221; css=&#8221;.vc_custom_1572531343978{background-color: #f1f1f1 !important;}&#8221;][vc_column][vc_column_text el_class=&#8221;montbreadcrumbs&#8221; css=&#8221;.vc_custom_1569318576735{padding-right: 100px !important;padding-left: 100px !important;}&#8221;]<nav aria-label=\"breadcrumbs\" class=\"rank-math-breadcrumb\"><p><span class=\"last\">Home<\/span><\/p><\/nav>[\/vc_column_text][\/vc_column][\/vc_row][\/vc_section][vc_section full_width=&#8221;stretch_row&#8221; el_class=&#8221;textcomp&#8221;][vc_row][vc_column][vc_column_text el_class=&#8221;intro&#8221;]<\/p>\n<h2><span style=\"font-weight: 400;\">DIE WELT DES STAHLS<\/span><\/h2>\n<p>[\/vc_column_text][vc_column_text]<span style=\"font-weight: 400;\">Rost ist der gr\u00f6\u00dfte Feind der Metalle. Er bildet sich dort, wo Metall mit Sauerstoff und Feuchtigkeit reagiert. Eine salzhaltige Umgebung, hohe Temperaturen oder die Anwesenheit von Chemikalien beschleunigen und intensivieren den Prozess.<br \/>\nRost ist eine Form der Korrosion. Korrosion bedeutet den Verlust von Metallen, aber auch jede negative Einwirkung auf Materialien als Folge der Umweltbedingungen.<\/span>[\/vc_column_text][\/vc_column][\/vc_row][\/vc_section][vc_row][vc_column][vc_single_image image=&#8221;4361&#8243; img_size=&#8221;800&#215;600&#8243; alignment=&#8221;center&#8221;][\/vc_column][\/vc_row][vc_section full_width=&#8221;stretch_row&#8221; el_class=&#8221;textcomp&#8221;][vc_row][vc_column][vc_column_text el_class=&#8221;intro&#8221;]<\/p>\n<h4><span style=\"font-weight: 400;\">ROST IST EIN ROTBRAUNER, BL\u00c4TTRIGER BELAG, DER AUF METALL AUFTRITT. NICHT MEHR UND NICHT WENIGER.<\/span><\/h4>\n<p>[\/vc_column_text][vc_column_text]<span style=\"font-weight: 400;\">Rost ist die allgemeine Bezeichnung f\u00fcr eine sehr sch\u00e4dliche Verbindung, die technisch als Eisenoxid bezeichnet wird. Verrosten ist eine spezifische Art der Korrosion, die Metalle mit Eisengehalt betrifft. Rost beginnt sich zu bilden, wenn ein Wassertropfen in Kontakt mit einem Eisen- oder Stahlobjekt kommt. In Kombination mit Sauerstoff beginnt das Metall zu korrodieren<\/span><\/p>\n<p><span style=\"font-weight: 400;\">Der technische Begriff f\u00fcr diesen Vorgang lautet Oxidation. Das Ausma\u00df, in welchem das Eisen oder der Stahl unausweichlich rosten wird, h\u00e4ngt von Zeitdauer und Umfang der Einwirkung von Sauerstoff und Wasser ab. Manchmal kann dies Tage, Monate oder sogar Jahre dauern, je nach Intensit\u00e4t der Einwirkung.<\/span><\/p>\n<p><span style=\"font-weight: 400;\">Rost ist ein bl\u00e4ttriges Pulver, welches das starke Eisen ersetzt, zum Beispiel bei Pipelines. Das Eisen verliert nicht nur seine Festigkeit, sondern auch seine Gl\u00e4tte und elektrische Leitf\u00e4higkeit, und es k\u00f6nnen L\u00f6cher entstehen.<\/span><\/p>\n<p>&nbsp;<\/p>\n<h5><span style=\"font-weight: 400;\">OBERFL\u00c4CHENVORBEREITUNG<\/span><\/h5>\n<p>&nbsp;<\/p>\n<p><span style=\"font-weight: 400;\">Das Entfernen von Kontaminationen, Fehlern, Rost und Walzzunder sowie das Erzeugen eines Rauigkeitsprofils wird Oberfl\u00e4chenvorbereitung genannt. Die Oberfl\u00e4chenvorbereitung wird definiert als &#8216;das Reinigen oder Behandeln der Metalloberfl\u00e4che vor der Anwendung einer Oberfl\u00e4chenbeschichtung&#8217;. Gute Oberfl\u00e4chenvorbereitung stellt die bestm\u00f6gliche Verbindung zwischen der zu beschichtenden Oberfl\u00e4che und der anzuwendenden Beschichtung sicher.<\/span><\/p>\n<p><span style=\"font-weight: 400;\">Wie bekommen Sie eine vollst\u00e4ndig verrostete Oberfl\u00e4che wieder sauber? An dieser Stelle kommt MontiPower<sup>\u00ae<\/sup> ins Spiel. Unsere fortgeschrittene Technologie mit handlichen, halbautomatischen oder automatischen Maschinen ist darauf ausgelegt, zu reinigen und Rauigkeit zu erzeugen. Die einzigartige Methode des Bristle Blaster<sup>\u00ae<\/sup> ist eine faszinierende Innovation in der Oberfl\u00e4chenvorbereitung.<\/span>[\/vc_column_text][\/vc_column][\/vc_row][\/vc_section][vc_row][vc_column][vc_single_image image=&#8221;4363&#8243; img_size=&#8221;800&#215;600&#8243; alignment=&#8221;center&#8221;][\/vc_column][\/vc_row][vc_section full_width=&#8221;stretch_row&#8221; el_class=&#8221;textcomp&#8221;][vc_row][vc_column][vc_column_text el_class=&#8221;intro&#8221;]<\/p>\n<h4><span style=\"font-weight: 400;\">83% INAD\u00c4QUATE OBERFL\u00c4CHENVORBEREITUNG<\/span><\/h4>\n<p>[\/vc_column_text][vc_column_text]<span style=\"font-weight: 400;\">Korrosion ist eine elektrochemische Reaktion, bei der Sauerstoff und Wasser Eisen rosten oder Kupfer gr\u00fcn werden lassen. Korrosion verursacht enormen \u00f6konomischen Schaden \u2013 nicht weniger als ein ungef\u00e4hr 4 Prozent gro\u00dfer Anteil des Bruttosozialprodukts, der von Korrosion betroffen ist, muss behandelt oder ersetzt werden. F\u00fcr Transportr\u00f6hren kann sich dies schnell auf mehrere Hunderttausend Euro summieren.\u00a0 Korrosion birgt auch enorme Risiken. Ein unter Druck stehendes Rohr kann an einer erodierten Schwachstelle nachgeben oder Spundw\u00e4nde k\u00f6nnen bersten.<\/span>[\/vc_column_text][\/vc_column][\/vc_row][\/vc_section][vc_section el_class=&#8221;featurleft&#8221;][vc_row gap=&#8221;35&#8243; content_placement=&#8221;middle&#8221; css=&#8221;.vc_custom_1572531423298{background-color: #ffffff !important;}&#8221;][vc_column width=&#8221;1\/2&#8243; css=&#8221;.vc_custom_1569498569540{padding-top: 0px !important;}&#8221;][vc_single_image image=&#8221;3583&#8243; img_size=&#8221;730&#215;596&#8243; el_class=&#8221;uitgelichtfoto&#8221;][\/vc_column][vc_column width=&#8221;1\/2&#8243;][vc_column_text]<\/p>\n<h4><span style=\"font-weight: 400;\">ADH\u00c4SION H\u00c4NGT AB VON DER H\u00d6HE UND DER DICHTE DER PEAKS<\/span><\/h4>\n<p>[\/vc_column_text][\/vc_column][\/vc_row][\/vc_section][vc_section full_width=&#8221;stretch_row&#8221; el_class=&#8221;textcomp&#8221;][vc_row][vc_column][vc_column_text el_class=&#8221;intro&#8221;]<\/p>\n<h4><span style=\"font-weight: 400;\">DIE L\u00d6SUNG<\/span><\/h4>\n<p>[\/vc_column_text][vc_column_text]<span style=\"font-weight: 400;\">Die L\u00f6sung f\u00fcr Korrosion besteht aus dem Entfernen von einer oder mehr der 3 erforderlichen Komponenten \u2013 Wasser, Sauerstoff oder die elektrochemische Reaktion. Traditionelle\u00a0 Metallbeschichtungen, wie etwa Bitumen, Polyethylen (PE) Systeme, Polypropylen (PP) Systeme und Epoxidpulver-Beschichtungen (FBE) oder Epoxide, k\u00f6nnen verhindern, dass Wasser und \/ oder Sauerstoff an das Metall gelangen. Daher kommt zum Beispiel bei Transportr\u00f6hren der Kathodenschutz zum Einsatz, um die elektrochemische Reaktion zu stoppen, wobei ein elektrischer Strom die Ionisierung des Eisens verhindert. Dies erfordert Energie und die konstante \u00dcberwachung des Schutzes. Darum erfordert die Pr\u00e4vention von Rost und Korrosion eine effektive Methode der Oberfl\u00e4chenvorbereitung<\/span>[\/vc_column_text][\/vc_column][\/vc_row][\/vc_section]<\/p>\n<\/div>","protected":false},"excerpt":{"rendered":"<p>[vc_section full_width=&#8221;stretch_row&#8221; content_placement=&#8221;bottom&#8221; css=&#8221;.vc_custom_1592819935490{padding-top: 30px !important;padding-bottom: 0px !important;background: #ff1212 url(https:\/\/montipower.com\/wp-content\/uploads\/2019\/10\/Pipeline_Rust_72dpi-1.jpg?id=3462) !important;background-position: &#8230; <\/p>\n","protected":false},"author":3,"featured_media":8879,"parent":9886,"menu_order":0,"comment_status":"closed","ping_status":"closed","template":"","meta":{"_acf_changed":false,"footnotes":""},"acf":[],"_links":{"self":[{"href":"https:\/\/montipower-ontwikkel.com\/de\/wp-json\/wp\/v2\/pages\/10900"}],"collection":[{"href":"https:\/\/montipower-ontwikkel.com\/de\/wp-json\/wp\/v2\/pages"}],"about":[{"href":"https:\/\/montipower-ontwikkel.com\/de\/wp-json\/wp\/v2\/types\/page"}],"author":[{"embeddable":true,"href":"https:\/\/montipower-ontwikkel.com\/de\/wp-json\/wp\/v2\/users\/3"}],"replies":[{"embeddable":true,"href":"https:\/\/montipower-ontwikkel.com\/de\/wp-json\/wp\/v2\/comments?post=10900"}],"version-history":[{"count":2,"href":"https:\/\/montipower-ontwikkel.com\/de\/wp-json\/wp\/v2\/pages\/10900\/revisions"}],"predecessor-version":[{"id":10902,"href":"https:\/\/montipower-ontwikkel.com\/de\/wp-json\/wp\/v2\/pages\/10900\/revisions\/10902"}],"up":[{"embeddable":true,"href":"https:\/\/montipower-ontwikkel.com\/de\/wp-json\/wp\/v2\/pages\/9886"}],"wp:featuredmedia":[{"embeddable":true,"href":"https:\/\/montipower-ontwikkel.com\/de\/wp-json\/wp\/v2\/media\/8879"}],"wp:attachment":[{"href":"https:\/\/montipower-ontwikkel.com\/de\/wp-json\/wp\/v2\/media?parent=10900"}],"curies":[{"name":"wp","href":"https:\/\/api.w.org\/{rel}","templated":true}]}}