{"id":10887,"date":"2019-11-28T11:54:30","date_gmt":"2019-11-28T10:54:30","guid":{"rendered":"https:\/\/monti.la-compagnie.digital\/info\/monti-group\/decapower\/"},"modified":"2021-04-24T20:21:02","modified_gmt":"2021-04-24T18:21:02","slug":"decapower","status":"publish","type":"page","link":"https:\/\/montipower-ontwikkel.com\/de\/info\/monti-group\/decapower\/","title":{"rendered":"Decapower<sup>\u00ae<\/sup>"},"content":{"rendered":"<div class=\"wpb-content-wrapper\"><p>[vc_section full_width=&#8221;stretch_row&#8221; content_placement=&#8221;bottom&#8221; css=&#8221;.vc_custom_1569320141112{padding-top: 30px !important;padding-bottom: 0px !important;background-color: #ff1212 !important;background-position: center !important;background-repeat: no-repeat !important;background-size: cover !important;}&#8221; el_class=&#8221;topbig&#8221;][vc_row css=&#8221;.vc_custom_1569318223776{padding-right: 100px !important;padding-left: 100px !important;}&#8221;][vc_column width=&#8221;1\/2&#8243;][vc_column_text]<\/p>\n<h1>Decapower<sup>\u00ae<\/sup><\/h1>\n<p>[\/vc_column_text][\/vc_column][vc_column width=&#8221;1\/2&#8243;][\/vc_column][\/vc_row][vc_row full_width=&#8221;stretch_row_content_no_spaces&#8221; content_placement=&#8221;bottom&#8221; css=&#8221;.vc_custom_1572526136907{padding-top: 0px !important;padding-bottom: 100px !important;background-position: 0 0 !important;background-repeat: no-repeat !important;}&#8221; el_class=&#8221;hometopfotorij&#8221;][vc_column][\/vc_column][\/vc_row][vc_row full_width=&#8221;stretch_row&#8221; css=&#8221;.vc_custom_1572525974229{background-color: #f1f1f1 !important;}&#8221;][vc_column][vc_column_text el_class=&#8221;montbreadcrumbs&#8221; css=&#8221;.vc_custom_1569318576735{padding-right: 100px !important;padding-left: 100px !important;}&#8221;]<nav aria-label=\"breadcrumbs\" class=\"rank-math-breadcrumb\"><p><span class=\"last\">Home<\/span><\/p><\/nav>[\/vc_column_text][\/vc_column][\/vc_row][\/vc_section][vc_section full_width=&#8221;stretch_row&#8221; el_class=&#8221;textcomp&#8221;][vc_row][vc_column][vc_column_text el_class=&#8221;intro&#8221;]<\/p>\n<h3>Decapower<sup>\u00ae<\/sup><\/h3>\n<p>[\/vc_column_text][vc_column_text]<span style=\"font-weight: 400;\">Decapower<sup>\u00ae<\/sup> ist der Name unserer Verbrauchermarke. Die MontiPower\u00ae Technik ist unter diesem Name ebenfalls f\u00fcr den Endverbraucher erh\u00e4ltlich.<\/span><\/p>\n<p><span style=\"font-weight: 400;\">Die patentierte Sicherheitshalterung ist einzigartig f\u00fcr ein Schleifwerkzeug. Fast alle Materialien k\u00f6nnen verarbeitet werden, das Ergebnis ist mit dem des Sandstrahlens vergleichbar.<\/span>[\/vc_column_text][\/vc_column][\/vc_row][vc_row][vc_column][vc_video link=&#8221;https:\/\/www.youtube.com\/watch?v=1xyAVadpYaU&#8221; align=&#8221;center&#8221;][\/vc_column][\/vc_row][vc_row][vc_column][vc_column_text]<span style=\"font-weight: 400;\">Reinigen Sie alle Ihre Materialien mit zwei B\u00fcrsten: Mit den Decapower<sup>\u00ae<\/sup> Schleifb\u00fcrsten entfernen Sie Rost und Farbe von Z\u00e4unen, Gartenm\u00f6beln und Fahrzeugen so fein und gr\u00fcndlich wie beim Sandstrahlen. Sie k\u00f6nnen empfindliche Oberfl\u00e4chen (Stein, Holz und Farbe) mit dem Decapower<sup>\u00ae<\/sup> Aufsatz verarbeiten. Beide sind f\u00fcr alle Bohrmaschinen geeignet. Die patentierte Verankerung \u2013 jede einzelne Borste ist in einer U-Form mit dem Tr\u00e4germaterial aus Gummi und Leinen verbunden \u2013 garantiert eine lange Lebensdauer.<\/span>[\/vc_column_text][\/vc_column][\/vc_row][vc_row][vc_column][vc_single_image image=&#8221;4020&#8243; img_size=&#8221;large&#8221; alignment=&#8221;center&#8221;][\/vc_column][\/vc_row][\/vc_section]<\/p>\n<\/div>","protected":false},"excerpt":{"rendered":"<p>[vc_section full_width=&#8221;stretch_row&#8221; content_placement=&#8221;bottom&#8221; css=&#8221;.vc_custom_1569320141112{padding-top: 30px !important;padding-bottom: 0px !important;background-color: #ff1212 !important;background-position: center &#8230; <\/p>\n","protected":false},"author":3,"featured_media":8755,"parent":10854,"menu_order":0,"comment_status":"closed","ping_status":"closed","template":"","meta":{"_acf_changed":false,"footnotes":""},"acf":[],"_links":{"self":[{"href":"https:\/\/montipower-ontwikkel.com\/de\/wp-json\/wp\/v2\/pages\/10887"}],"collection":[{"href":"https:\/\/montipower-ontwikkel.com\/de\/wp-json\/wp\/v2\/pages"}],"about":[{"href":"https:\/\/montipower-ontwikkel.com\/de\/wp-json\/wp\/v2\/types\/page"}],"author":[{"embeddable":true,"href":"https:\/\/montipower-ontwikkel.com\/de\/wp-json\/wp\/v2\/users\/3"}],"replies":[{"embeddable":true,"href":"https:\/\/montipower-ontwikkel.com\/de\/wp-json\/wp\/v2\/comments?post=10887"}],"version-history":[{"count":2,"href":"https:\/\/montipower-ontwikkel.com\/de\/wp-json\/wp\/v2\/pages\/10887\/revisions"}],"predecessor-version":[{"id":10889,"href":"https:\/\/montipower-ontwikkel.com\/de\/wp-json\/wp\/v2\/pages\/10887\/revisions\/10889"}],"up":[{"embeddable":true,"href":"https:\/\/montipower-ontwikkel.com\/de\/wp-json\/wp\/v2\/pages\/10854"}],"wp:featuredmedia":[{"embeddable":true,"href":"https:\/\/montipower-ontwikkel.com\/de\/wp-json\/wp\/v2\/media\/8755"}],"wp:attachment":[{"href":"https:\/\/montipower-ontwikkel.com\/de\/wp-json\/wp\/v2\/media?parent=10887"}],"curies":[{"name":"wp","href":"https:\/\/api.w.org\/{rel}","templated":true}]}}