{"id":10872,"date":"2019-11-28T11:37:35","date_gmt":"2019-11-28T10:37:35","guid":{"rendered":"https:\/\/monti.la-compagnie.digital\/info\/monti-group\/activet-grooming-brushes\/"},"modified":"2022-02-14T14:22:42","modified_gmt":"2022-02-14T13:22:42","slug":"activet-grooming-brushes","status":"publish","type":"page","link":"https:\/\/montipower-ontwikkel.com\/de\/info\/monti-group\/activet-grooming-brushes\/","title":{"rendered":"Activet<sup>\u00ae<\/sup>"},"content":{"rendered":"<div class=\"wpb-content-wrapper\"><p>[vc_section full_width=&#8221;stretch_row&#8221; content_placement=&#8221;bottom&#8221; css=&#8221;.vc_custom_1569320141112{padding-top: 30px !important;padding-bottom: 0px !important;background-color: #ff1212 !important;background-position: center !important;background-repeat: no-repeat !important;background-size: cover !important;}&#8221; el_class=&#8221;topbig&#8221;][vc_row css=&#8221;.vc_custom_1569318223776{padding-right: 100px !important;padding-left: 100px !important;}&#8221;][vc_column width=&#8221;1\/2&#8243;][vc_column_text]<\/p>\n<h1>ACTIVET<sup>\u00ae<\/sup><\/h1>\n<p>[\/vc_column_text][\/vc_column][vc_column width=&#8221;1\/2&#8243;][\/vc_column][\/vc_row][vc_row full_width=&#8221;stretch_row_content_no_spaces&#8221; content_placement=&#8221;bottom&#8221; css=&#8221;.vc_custom_1572526136907{padding-top: 0px !important;padding-bottom: 100px !important;background-position: 0 0 !important;background-repeat: no-repeat !important;}&#8221; el_class=&#8221;hometopfotorij&#8221;][vc_column][\/vc_column][\/vc_row][vc_row full_width=&#8221;stretch_row&#8221; css=&#8221;.vc_custom_1572525974229{background-color: #f1f1f1 !important;}&#8221;][vc_column][vc_column_text el_class=&#8221;montbreadcrumbs&#8221; css=&#8221;.vc_custom_1569318576735{padding-right: 100px !important;padding-left: 100px !important;}&#8221;]<nav aria-label=\"breadcrumbs\" class=\"rank-math-breadcrumb\"><p><span class=\"last\">Home<\/span><\/p><\/nav>[\/vc_column_text][\/vc_column][\/vc_row][\/vc_section][vc_section full_width=&#8221;stretch_row&#8221; el_class=&#8221;textcomp&#8221;][vc_row][vc_column][vc_column_text el_class=&#8221;intro&#8221;]<\/p>\n<h3>Activet<sup>\u00ae<\/sup> Fellpflegeb\u00fcrsten<\/h3>\n<p>[\/vc_column_text][vc_column_text]ActiVet<sup>\u00ae<\/sup> ist eine eingetragene, eigene Marke der von der MONTI \u2013 Werkzeuge GmbH hergestellten Fellpflegeb\u00fcrsten. Der Name geht auf eine Wortkreuzung im Jahre 1998 zur\u00fcck zwischen den Begriffen \u201cactive\u201d (stellvertretend f\u00fcr das allererste \u201cactive\u201d Fellpflege-B\u00fcrstensystem) und \u201cveterinary\u201d, als Referenz auf die offensichtlich effektive Methode der Produktvermarktung \u00fcber Tierarztpraxen.[\/vc_column_text][\/vc_column][\/vc_row][vc_row][vc_column][vc_single_image image=&#8221;4013&#8243; img_size=&#8221;large&#8221; alignment=&#8221;center&#8221;][\/vc_column][\/vc_row][vc_row][vc_column][vc_column_text]Der flexible, \u201cactive\u201d Vibrationskopf erreicht eine Zeit- und Arbeitsersparnis von ann\u00e4hernd 50% bei der Mehrzahl der B\u00fcrstenanwendung, insbesondere bei verkn\u00e4ueltem und verfilztem Fell. Die speziellen Eigenschaften w\u00e4hrend der Anwendung, kombiniert mit den allgemeinen Produktspezifikationen, f\u00fchren zu einer gleichzeitigen Reduzierung des &#8220;Verfangens&#8221; und &#8220;Ziehens&#8221; \u2013 in anderen Worten das unerfreuliche Gef\u00fchl des Rei\u00dfens und Ziehens, welches das Tier erleidet. Vor der Einf\u00fchrung des ActiVet<sup>\u00ae<\/sup> Systems waren solche Unannehmlichkeiten bei konventionellen, nicht elastischen, &#8220;festen&#8221; B\u00fcrsten und anderen Werkzeugen normal. Dar\u00fcber hinaus sind die B\u00fcrsten mit 2 verschiedenen Fellpflegeaufs\u00e4tzen ausgestattet, womit eine 2-in-1-Funktion erh\u00e4ltlich war.<\/p>\n<p>Weitere Informationen finden Sie hier: <a href=\"https:\/\/duovet.shop\/\" target=\"_blank\" rel=\"noopener noreferrer\">ActiVet<sup>\u00ae<\/sup><\/a>[\/vc_column_text][\/vc_column][\/vc_row][\/vc_section]<\/p>\n<\/div>","protected":false},"excerpt":{"rendered":"<p>[vc_section full_width=&#8221;stretch_row&#8221; content_placement=&#8221;bottom&#8221; css=&#8221;.vc_custom_1569320141112{padding-top: 30px !important;padding-bottom: 0px !important;background-color: #ff1212 !important;background-position: center &#8230; <\/p>\n","protected":false},"author":3,"featured_media":0,"parent":10854,"menu_order":0,"comment_status":"closed","ping_status":"closed","template":"","meta":{"_acf_changed":false,"footnotes":""},"acf":[],"_links":{"self":[{"href":"https:\/\/montipower-ontwikkel.com\/de\/wp-json\/wp\/v2\/pages\/10872"}],"collection":[{"href":"https:\/\/montipower-ontwikkel.com\/de\/wp-json\/wp\/v2\/pages"}],"about":[{"href":"https:\/\/montipower-ontwikkel.com\/de\/wp-json\/wp\/v2\/types\/page"}],"author":[{"embeddable":true,"href":"https:\/\/montipower-ontwikkel.com\/de\/wp-json\/wp\/v2\/users\/3"}],"replies":[{"embeddable":true,"href":"https:\/\/montipower-ontwikkel.com\/de\/wp-json\/wp\/v2\/comments?post=10872"}],"version-history":[{"count":3,"href":"https:\/\/montipower-ontwikkel.com\/de\/wp-json\/wp\/v2\/pages\/10872\/revisions"}],"predecessor-version":[{"id":23993,"href":"https:\/\/montipower-ontwikkel.com\/de\/wp-json\/wp\/v2\/pages\/10872\/revisions\/23993"}],"up":[{"embeddable":true,"href":"https:\/\/montipower-ontwikkel.com\/de\/wp-json\/wp\/v2\/pages\/10854"}],"wp:attachment":[{"href":"https:\/\/montipower-ontwikkel.com\/de\/wp-json\/wp\/v2\/media?parent=10872"}],"curies":[{"name":"wp","href":"https:\/\/api.w.org\/{rel}","templated":true}]}}